{"id":7129,"date":"2026-02-07T13:51:59","date_gmt":"2026-02-07T11:51:59","guid":{"rendered":"https:\/\/opticasisquella.com\/producto\/etnia-barcelona-es-vedra-pkhv-polarized-sunglasses\/"},"modified":"2026-02-07T13:51:59","modified_gmt":"2026-02-07T11:51:59","slug":"etnia-barcelona-es-vedra-pkhv-polarized-sunglasses","status":"publish","type":"product","link":"https:\/\/opticasisquella.com\/en\/producto\/etnia-barcelona-es-vedra-pkhv-polarized-sunglasses\/","title":{"rendered":"ETNIA BARCELONA ES VEDRA PKHV POLARIZED SUNGLASSES"},"content":{"rendered":"<p data-start=\"18\" data-end=\"243\">Las Etnia Barcelona Es Vedra PKHV polarizadas eliminan reflejos y realzan los colores para una visi\u00f3n m\u00e1s c\u00f3moda y llena de estilo. Protecci\u00f3n UV y car\u00e1cter \u00fanico. \u00a1Hazlas tuyas hoy!  <\/p>\n","protected":false},"excerpt":{"rendered":"<p>Es Vedra PKHV: less reflection, more emotion and style. Enjoy every look and try them now. <\/p>\n","protected":false},"featured_media":7127,"comment_status":"closed","ping_status":"closed","template":"","meta":[],"product_brand":[1017],"product_cat":[527],"product_tag":[],"calibre":[606],"puente":[594],"genero":[533],"montura":[],"material":[534],"estilo":[811,535],"lente":[554],"marca":[864],"tipo":[538],"class_list":{"0":"post-7129","1":"product","2":"type-product","3":"status-publish","4":"has-post-thumbnail","6":"product_brand-etnia","7":"product_cat-sunglasses","8":"pa_color-cristales-marron-polarizado-en","9":"pa_color-montura-translucent-pink","10":"calibre-53-en","11":"puente-18-en","12":"genero-woman","13":"material-plastic-acetate","14":"estilo-geometric","15":"estilo-hexagonal-en","16":"lente-polarized","17":"marca-etnia-en","18":"tipo-sunglasses","20":"first","21":"instock","22":"sale","23":"shipping-taxable","24":"purchasable","25":"product-type-simple"},"aioseo_notices":[],"_links":{"self":[{"href":"https:\/\/opticasisquella.com\/en\/wp-json\/wp\/v2\/product\/7129","targetHints":{"allow":["GET"]}}],"collection":[{"href":"https:\/\/opticasisquella.com\/en\/wp-json\/wp\/v2\/product"}],"about":[{"href":"https:\/\/opticasisquella.com\/en\/wp-json\/wp\/v2\/types\/product"}],"replies":[{"embeddable":true,"href":"https:\/\/opticasisquella.com\/en\/wp-json\/wp\/v2\/comments?post=7129"}],"wp:featuredmedia":[{"embeddable":true,"href":"https:\/\/opticasisquella.com\/en\/wp-json\/wp\/v2\/media\/7127"}],"wp:attachment":[{"href":"https:\/\/opticasisquella.com\/en\/wp-json\/wp\/v2\/media?parent=7129"}],"wp:term":[{"taxonomy":"product_brand","embeddable":true,"href":"https:\/\/opticasisquella.com\/en\/wp-json\/wp\/v2\/product_brand?post=7129"},{"taxonomy":"product_cat","embeddable":true,"href":"https:\/\/opticasisquella.com\/en\/wp-json\/wp\/v2\/product_cat?post=7129"},{"taxonomy":"product_tag","embeddable":true,"href":"https:\/\/opticasisquella.com\/en\/wp-json\/wp\/v2\/product_tag?post=7129"},{"taxonomy":"calibre","embeddable":true,"href":"https:\/\/opticasisquella.com\/en\/wp-json\/wp\/v2\/calibre?post=7129"},{"taxonomy":"puente","embeddable":true,"href":"https:\/\/opticasisquella.com\/en\/wp-json\/wp\/v2\/puente?post=7129"},{"taxonomy":"genero","embeddable":true,"href":"https:\/\/opticasisquella.com\/en\/wp-json\/wp\/v2\/genero?post=7129"},{"taxonomy":"montura","embeddable":true,"href":"https:\/\/opticasisquella.com\/en\/wp-json\/wp\/v2\/montura?post=7129"},{"taxonomy":"material","embeddable":true,"href":"https:\/\/opticasisquella.com\/en\/wp-json\/wp\/v2\/material?post=7129"},{"taxonomy":"estilo","embeddable":true,"href":"https:\/\/opticasisquella.com\/en\/wp-json\/wp\/v2\/estilo?post=7129"},{"taxonomy":"lente","embeddable":true,"href":"https:\/\/opticasisquella.com\/en\/wp-json\/wp\/v2\/lente?post=7129"},{"taxonomy":"marca","embeddable":true,"href":"https:\/\/opticasisquella.com\/en\/wp-json\/wp\/v2\/marca?post=7129"},{"taxonomy":"tipo","embeddable":true,"href":"https:\/\/opticasisquella.com\/en\/wp-json\/wp\/v2\/tipo?post=7129"}],"curies":[{"name":"wp","href":"https:\/\/api.w.org\/{rel}","templated":true}]}}