{"id":7006,"date":"2026-01-28T17:02:18","date_gmt":"2026-01-28T15:02:18","guid":{"rendered":"https:\/\/opticasisquella.com\/producto\/ray-ban-meta-wayfarer-gen-2-rw4012-50-601s-sb-clear-prescription-glasses\/"},"modified":"2026-01-28T17:02:18","modified_gmt":"2026-01-28T15:02:18","slug":"ray-ban-meta-wayfarer-gen-2-rw4012-50-601s-sb-clear-prescription-glasses","status":"publish","type":"product","link":"https:\/\/opticasisquella.com\/en\/producto\/ray-ban-meta-wayfarer-gen-2-rw4012-50-601s-sb-clear-prescription-glasses\/","title":{"rendered":"RAY-BAN META WAYFARER (GEN 2) RW4012 50 601S-SB CLEAR PRESCRIPTION GLASSES"},"content":{"rendered":"<p data-start=\"125\" data-end=\"320\">Ray-Ban Meta Wayfarer (Gen 2) RW4012 50 601S-SB Clear integra c\u00e1mara, audio open-ear y Meta AI en un dise\u00f1o ic\u00f3nico. Conecta, captura y c\u00f3mpralas ahora <\/p>\n","protected":false},"excerpt":{"rendered":"<p><b><strong>*Non-refundable product: Due to the technical characteristics of the product, no exchanges or returns will be accepted once it has been unsealed.<\/strong><\/b><\/p>\n<p>Ray-Ban Meta Wayfarer Gen 2 with clear lenses and integrated smart technology. Style, innovation, and connectivity. Get them today.  <\/p>\n","protected":false},"featured_media":7004,"comment_status":"closed","ping_status":"closed","template":"","meta":[],"product_brand":[1134],"product_cat":[545],"product_tag":[],"calibre":[586],"puente":[605],"genero":[546,547,533],"montura":[],"material":[534],"estilo":[568,563],"lente":[1143,556],"marca":[1138],"tipo":[1105],"class_list":{"0":"post-7006","1":"product","2":"type-product","3":"status-publish","4":"has-post-thumbnail","6":"product_brand-ray-ban-meta","7":"product_cat-prescription-glasses","8":"pa_color-cristales-clear","9":"pa_color-montura-matte-black-en-2","10":"calibre-50-en","11":"puente-22-en","12":"genero-man-en","13":"genero-unisex-en","14":"genero-woman","15":"material-plastic-acetate","16":"estilo-pantos-en","17":"estilo-square","18":"lente-clear","19":"lente-standard-en","20":"marca-ray-ban-meta","21":"tipo-prescription-glasses","23":"first","24":"instock","25":"featured","26":"shipping-taxable","27":"purchasable","28":"product-type-simple"},"aioseo_notices":[],"_links":{"self":[{"href":"https:\/\/opticasisquella.com\/en\/wp-json\/wp\/v2\/product\/7006","targetHints":{"allow":["GET"]}}],"collection":[{"href":"https:\/\/opticasisquella.com\/en\/wp-json\/wp\/v2\/product"}],"about":[{"href":"https:\/\/opticasisquella.com\/en\/wp-json\/wp\/v2\/types\/product"}],"replies":[{"embeddable":true,"href":"https:\/\/opticasisquella.com\/en\/wp-json\/wp\/v2\/comments?post=7006"}],"wp:featuredmedia":[{"embeddable":true,"href":"https:\/\/opticasisquella.com\/en\/wp-json\/wp\/v2\/media\/7004"}],"wp:attachment":[{"href":"https:\/\/opticasisquella.com\/en\/wp-json\/wp\/v2\/media?parent=7006"}],"wp:term":[{"taxonomy":"product_brand","embeddable":true,"href":"https:\/\/opticasisquella.com\/en\/wp-json\/wp\/v2\/product_brand?post=7006"},{"taxonomy":"product_cat","embeddable":true,"href":"https:\/\/opticasisquella.com\/en\/wp-json\/wp\/v2\/product_cat?post=7006"},{"taxonomy":"product_tag","embeddable":true,"href":"https:\/\/opticasisquella.com\/en\/wp-json\/wp\/v2\/product_tag?post=7006"},{"taxonomy":"calibre","embeddable":true,"href":"https:\/\/opticasisquella.com\/en\/wp-json\/wp\/v2\/calibre?post=7006"},{"taxonomy":"puente","embeddable":true,"href":"https:\/\/opticasisquella.com\/en\/wp-json\/wp\/v2\/puente?post=7006"},{"taxonomy":"genero","embeddable":true,"href":"https:\/\/opticasisquella.com\/en\/wp-json\/wp\/v2\/genero?post=7006"},{"taxonomy":"montura","embeddable":true,"href":"https:\/\/opticasisquella.com\/en\/wp-json\/wp\/v2\/montura?post=7006"},{"taxonomy":"material","embeddable":true,"href":"https:\/\/opticasisquella.com\/en\/wp-json\/wp\/v2\/material?post=7006"},{"taxonomy":"estilo","embeddable":true,"href":"https:\/\/opticasisquella.com\/en\/wp-json\/wp\/v2\/estilo?post=7006"},{"taxonomy":"lente","embeddable":true,"href":"https:\/\/opticasisquella.com\/en\/wp-json\/wp\/v2\/lente?post=7006"},{"taxonomy":"marca","embeddable":true,"href":"https:\/\/opticasisquella.com\/en\/wp-json\/wp\/v2\/marca?post=7006"},{"taxonomy":"tipo","embeddable":true,"href":"https:\/\/opticasisquella.com\/en\/wp-json\/wp\/v2\/tipo?post=7006"}],"curies":[{"name":"wp","href":"https:\/\/api.w.org\/{rel}","templated":true}]}}