{"id":7798,"date":"2026-05-15T17:48:55","date_gmt":"2026-05-15T15:48:55","guid":{"rendered":"https:\/\/opticasisquella.com\/producto\/ulleres-de-sol-tom-ford-ezra-02-1359-52v\/"},"modified":"2026-05-15T17:48:55","modified_gmt":"2026-05-15T15:48:55","slug":"ulleres-de-sol-tom-ford-ezra-02-1359-52v","status":"publish","type":"product","link":"https:\/\/opticasisquella.com\/ca\/producto\/ulleres-de-sol-tom-ford-ezra-02-1359-52v\/","title":{"rendered":"ULLERES DE SOL TOM FORD EZRA-02 1359 52V"},"content":{"rendered":"<p data-start=\"0\" data-end=\"252\">Les Tom Ford Ezra-02 1359 52V combinen muntura Havana i lents blaves amb protecci\u00f3 UV. Un disseny exclusiu, sofisticat i amb el luxe caracter\u00edstic de Tom Ford. Compra-les ara i afegeix distinci\u00f3 al teu estil  <\/p>\n","protected":false},"excerpt":{"rendered":"<p>Muntura Havana, lents blaves i acabats premium exclusius. Compra-les ara i descobreix l&#8217;univers Tom Ford <\/p>\n","protected":false},"featured_media":7796,"comment_status":"closed","ping_status":"closed","template":"","meta":[],"product_brand":[],"product_cat":[298],"product_tag":[],"calibre":[421],"puente":[425],"genero":[439],"montura":[],"material":[445],"estilo":[449],"lente":[457],"marca":[464],"tipo":[465],"class_list":{"0":"post-7798","1":"product","2":"type-product","3":"status-publish","4":"has-post-thumbnail","6":"product_cat-ulleres-de-sol","7":"pa_color-cristales-blau-ca","8":"pa_color-montura-havana-marro-ca","9":"calibre-50-ca","10":"puente-19-ca","11":"genero-home-ca","12":"material-acetato-plastic-ca","13":"estilo-quadrada-ca","14":"lente-estandard-ca","15":"marca-tom-ford-ca","16":"tipo-ulleres-de-sol","18":"first","19":"instock","20":"sale","21":"featured","22":"shipping-taxable","23":"purchasable","24":"product-type-simple"},"aioseo_notices":[],"_links":{"self":[{"href":"https:\/\/opticasisquella.com\/ca\/wp-json\/wp\/v2\/product\/7798","targetHints":{"allow":["GET"]}}],"collection":[{"href":"https:\/\/opticasisquella.com\/ca\/wp-json\/wp\/v2\/product"}],"about":[{"href":"https:\/\/opticasisquella.com\/ca\/wp-json\/wp\/v2\/types\/product"}],"replies":[{"embeddable":true,"href":"https:\/\/opticasisquella.com\/ca\/wp-json\/wp\/v2\/comments?post=7798"}],"wp:featuredmedia":[{"embeddable":true,"href":"https:\/\/opticasisquella.com\/ca\/wp-json\/wp\/v2\/media\/7796"}],"wp:attachment":[{"href":"https:\/\/opticasisquella.com\/ca\/wp-json\/wp\/v2\/media?parent=7798"}],"wp:term":[{"taxonomy":"product_brand","embeddable":true,"href":"https:\/\/opticasisquella.com\/ca\/wp-json\/wp\/v2\/product_brand?post=7798"},{"taxonomy":"product_cat","embeddable":true,"href":"https:\/\/opticasisquella.com\/ca\/wp-json\/wp\/v2\/product_cat?post=7798"},{"taxonomy":"product_tag","embeddable":true,"href":"https:\/\/opticasisquella.com\/ca\/wp-json\/wp\/v2\/product_tag?post=7798"},{"taxonomy":"calibre","embeddable":true,"href":"https:\/\/opticasisquella.com\/ca\/wp-json\/wp\/v2\/calibre?post=7798"},{"taxonomy":"puente","embeddable":true,"href":"https:\/\/opticasisquella.com\/ca\/wp-json\/wp\/v2\/puente?post=7798"},{"taxonomy":"genero","embeddable":true,"href":"https:\/\/opticasisquella.com\/ca\/wp-json\/wp\/v2\/genero?post=7798"},{"taxonomy":"montura","embeddable":true,"href":"https:\/\/opticasisquella.com\/ca\/wp-json\/wp\/v2\/montura?post=7798"},{"taxonomy":"material","embeddable":true,"href":"https:\/\/opticasisquella.com\/ca\/wp-json\/wp\/v2\/material?post=7798"},{"taxonomy":"estilo","embeddable":true,"href":"https:\/\/opticasisquella.com\/ca\/wp-json\/wp\/v2\/estilo?post=7798"},{"taxonomy":"lente","embeddable":true,"href":"https:\/\/opticasisquella.com\/ca\/wp-json\/wp\/v2\/lente?post=7798"},{"taxonomy":"marca","embeddable":true,"href":"https:\/\/opticasisquella.com\/ca\/wp-json\/wp\/v2\/marca?post=7798"},{"taxonomy":"tipo","embeddable":true,"href":"https:\/\/opticasisquella.com\/ca\/wp-json\/wp\/v2\/tipo?post=7798"}],"curies":[{"name":"wp","href":"https:\/\/api.w.org\/{rel}","templated":true}]}}