{"id":7763,"date":"2026-05-15T14:38:36","date_gmt":"2026-05-15T12:38:36","guid":{"rendered":"https:\/\/opticasisquella.com\/producto\/ulleres-de-sol-andy-02-1333-52j\/"},"modified":"2026-05-15T14:45:08","modified_gmt":"2026-05-15T12:45:08","slug":"ulleres-de-sol-andy-02-1333-52j","status":"publish","type":"product","link":"https:\/\/opticasisquella.com\/ca\/producto\/ulleres-de-sol-andy-02-1333-52j\/","title":{"rendered":"ULLERES DE SOL TOM FORD ANDY-02 1333 52J"},"content":{"rendered":"<p data-start=\"0\" data-end=\"252\">Les Tom Ford Andy-02 1333 52J combinen muntura Havana i lents marr\u00f3 amb protecci\u00f3 UV. Un disseny exclusiu, refinat i amb el luxe de Tom Ford. Compra-les ara i eleva el teu estil amb una pe\u00e7a \u00fanica  <\/p>\n","protected":false},"excerpt":{"rendered":"<p>Montura Havana, lents marrons i acabats premium. Compra-les ara i descobreix l&#8217;exclusivitat de Tom Ford <\/p>\n","protected":false},"featured_media":7761,"comment_status":"closed","ping_status":"closed","template":"","meta":[],"product_brand":[],"product_cat":[298],"product_tag":[],"calibre":[405],"puente":[434],"genero":[439],"montura":[],"material":[445],"estilo":[449],"lente":[457],"marca":[464],"tipo":[465],"class_list":{"0":"post-7763","1":"product","2":"type-product","3":"status-publish","4":"has-post-thumbnail","6":"product_cat-ulleres-de-sol","7":"pa_color-cristales-marro-ca","8":"pa_color-montura-havana-marro-ca","9":"calibre-53-ca","10":"puente-21-ca","11":"genero-home-ca","12":"material-acetato-plastic-ca","13":"estilo-quadrada-ca","14":"lente-estandard-ca","15":"marca-tom-ford-ca","16":"tipo-ulleres-de-sol","18":"first","19":"instock","20":"sale","21":"featured","22":"shipping-taxable","23":"purchasable","24":"product-type-simple"},"aioseo_notices":[],"_links":{"self":[{"href":"https:\/\/opticasisquella.com\/ca\/wp-json\/wp\/v2\/product\/7763","targetHints":{"allow":["GET"]}}],"collection":[{"href":"https:\/\/opticasisquella.com\/ca\/wp-json\/wp\/v2\/product"}],"about":[{"href":"https:\/\/opticasisquella.com\/ca\/wp-json\/wp\/v2\/types\/product"}],"replies":[{"embeddable":true,"href":"https:\/\/opticasisquella.com\/ca\/wp-json\/wp\/v2\/comments?post=7763"}],"wp:featuredmedia":[{"embeddable":true,"href":"https:\/\/opticasisquella.com\/ca\/wp-json\/wp\/v2\/media\/7761"}],"wp:attachment":[{"href":"https:\/\/opticasisquella.com\/ca\/wp-json\/wp\/v2\/media?parent=7763"}],"wp:term":[{"taxonomy":"product_brand","embeddable":true,"href":"https:\/\/opticasisquella.com\/ca\/wp-json\/wp\/v2\/product_brand?post=7763"},{"taxonomy":"product_cat","embeddable":true,"href":"https:\/\/opticasisquella.com\/ca\/wp-json\/wp\/v2\/product_cat?post=7763"},{"taxonomy":"product_tag","embeddable":true,"href":"https:\/\/opticasisquella.com\/ca\/wp-json\/wp\/v2\/product_tag?post=7763"},{"taxonomy":"calibre","embeddable":true,"href":"https:\/\/opticasisquella.com\/ca\/wp-json\/wp\/v2\/calibre?post=7763"},{"taxonomy":"puente","embeddable":true,"href":"https:\/\/opticasisquella.com\/ca\/wp-json\/wp\/v2\/puente?post=7763"},{"taxonomy":"genero","embeddable":true,"href":"https:\/\/opticasisquella.com\/ca\/wp-json\/wp\/v2\/genero?post=7763"},{"taxonomy":"montura","embeddable":true,"href":"https:\/\/opticasisquella.com\/ca\/wp-json\/wp\/v2\/montura?post=7763"},{"taxonomy":"material","embeddable":true,"href":"https:\/\/opticasisquella.com\/ca\/wp-json\/wp\/v2\/material?post=7763"},{"taxonomy":"estilo","embeddable":true,"href":"https:\/\/opticasisquella.com\/ca\/wp-json\/wp\/v2\/estilo?post=7763"},{"taxonomy":"lente","embeddable":true,"href":"https:\/\/opticasisquella.com\/ca\/wp-json\/wp\/v2\/lente?post=7763"},{"taxonomy":"marca","embeddable":true,"href":"https:\/\/opticasisquella.com\/ca\/wp-json\/wp\/v2\/marca?post=7763"},{"taxonomy":"tipo","embeddable":true,"href":"https:\/\/opticasisquella.com\/ca\/wp-json\/wp\/v2\/tipo?post=7763"}],"curies":[{"name":"wp","href":"https:\/\/api.w.org\/{rel}","templated":true}]}}