{"id":7716,"date":"2026-05-09T13:56:11","date_gmt":"2026-05-09T11:56:11","guid":{"rendered":"https:\/\/opticasisquella.com\/producto\/ulleres-de-sol-versace-4514d-gb1-1a\/"},"modified":"2026-05-09T13:56:11","modified_gmt":"2026-05-09T11:56:11","slug":"ulleres-de-sol-versace-4514d-gb1-1a","status":"publish","type":"product","link":"https:\/\/opticasisquella.com\/ca\/producto\/ulleres-de-sol-versace-4514d-gb1-1a\/","title":{"rendered":"ULLERES DE SOL VERSACE 4514D GB1-1A"},"content":{"rendered":"<p data-start=\"0\" data-end=\"190\">Les Versace 4514D GB1-1A combinen eleg\u00e0ncia avantguardista i car\u00e0cter auda\u00e7 en una muntura de luxe. Destaca amb estil \u00fanic i aconsegueix-les avui mateix <\/p>\n","protected":false},"excerpt":{"rendered":"<p>Versace 4514D: glamur modern amb actitud. Fes-les teves <\/p>\n","protected":false},"featured_media":7714,"comment_status":"closed","ping_status":"closed","template":"","meta":[],"product_brand":[],"product_cat":[298],"product_tag":[],"calibre":[405],"puente":[424],"genero":[440,439,438],"montura":[],"material":[445],"estilo":[752,449],"lente":[],"marca":[463],"tipo":[465],"class_list":{"0":"post-7716","1":"product","2":"type-product","3":"status-publish","4":"has-post-thumbnail","6":"product_cat-ulleres-de-sol","7":"pa_color-cristales-violeta","8":"pa_color-montura-negre-brillant-ca","9":"calibre-53-ca","10":"puente-17-ca","11":"genero-dona-ca","12":"genero-home-ca","13":"genero-unisex-ca","14":"material-acetato-plastic-ca","15":"estilo-ovalada-ca","16":"estilo-quadrada-ca","17":"marca-versace-ca","18":"tipo-ulleres-de-sol","20":"first","21":"instock","22":"sale","23":"shipping-taxable","24":"purchasable","25":"product-type-simple"},"aioseo_notices":[],"_links":{"self":[{"href":"https:\/\/opticasisquella.com\/ca\/wp-json\/wp\/v2\/product\/7716","targetHints":{"allow":["GET"]}}],"collection":[{"href":"https:\/\/opticasisquella.com\/ca\/wp-json\/wp\/v2\/product"}],"about":[{"href":"https:\/\/opticasisquella.com\/ca\/wp-json\/wp\/v2\/types\/product"}],"replies":[{"embeddable":true,"href":"https:\/\/opticasisquella.com\/ca\/wp-json\/wp\/v2\/comments?post=7716"}],"wp:featuredmedia":[{"embeddable":true,"href":"https:\/\/opticasisquella.com\/ca\/wp-json\/wp\/v2\/media\/7714"}],"wp:attachment":[{"href":"https:\/\/opticasisquella.com\/ca\/wp-json\/wp\/v2\/media?parent=7716"}],"wp:term":[{"taxonomy":"product_brand","embeddable":true,"href":"https:\/\/opticasisquella.com\/ca\/wp-json\/wp\/v2\/product_brand?post=7716"},{"taxonomy":"product_cat","embeddable":true,"href":"https:\/\/opticasisquella.com\/ca\/wp-json\/wp\/v2\/product_cat?post=7716"},{"taxonomy":"product_tag","embeddable":true,"href":"https:\/\/opticasisquella.com\/ca\/wp-json\/wp\/v2\/product_tag?post=7716"},{"taxonomy":"calibre","embeddable":true,"href":"https:\/\/opticasisquella.com\/ca\/wp-json\/wp\/v2\/calibre?post=7716"},{"taxonomy":"puente","embeddable":true,"href":"https:\/\/opticasisquella.com\/ca\/wp-json\/wp\/v2\/puente?post=7716"},{"taxonomy":"genero","embeddable":true,"href":"https:\/\/opticasisquella.com\/ca\/wp-json\/wp\/v2\/genero?post=7716"},{"taxonomy":"montura","embeddable":true,"href":"https:\/\/opticasisquella.com\/ca\/wp-json\/wp\/v2\/montura?post=7716"},{"taxonomy":"material","embeddable":true,"href":"https:\/\/opticasisquella.com\/ca\/wp-json\/wp\/v2\/material?post=7716"},{"taxonomy":"estilo","embeddable":true,"href":"https:\/\/opticasisquella.com\/ca\/wp-json\/wp\/v2\/estilo?post=7716"},{"taxonomy":"lente","embeddable":true,"href":"https:\/\/opticasisquella.com\/ca\/wp-json\/wp\/v2\/lente?post=7716"},{"taxonomy":"marca","embeddable":true,"href":"https:\/\/opticasisquella.com\/ca\/wp-json\/wp\/v2\/marca?post=7716"},{"taxonomy":"tipo","embeddable":true,"href":"https:\/\/opticasisquella.com\/ca\/wp-json\/wp\/v2\/tipo?post=7716"}],"curies":[{"name":"wp","href":"https:\/\/api.w.org\/{rel}","templated":true}]}}