{"id":7669,"date":"2026-05-07T17:51:41","date_gmt":"2026-05-07T15:51:41","guid":{"rendered":"https:\/\/opticasisquella.com\/producto\/ulleres-de-sol-versace-2297-1002-87\/"},"modified":"2026-05-07T17:51:41","modified_gmt":"2026-05-07T15:51:41","slug":"ulleres-de-sol-versace-2297-1002-87","status":"publish","type":"product","link":"https:\/\/opticasisquella.com\/ca\/producto\/ulleres-de-sol-versace-2297-1002-87\/","title":{"rendered":"ULLERES DE SOL VERSACE 2297 1002-87"},"content":{"rendered":"<p data-start=\"0\" data-end=\"188\">Les Versace 2297 1002-87 combinen l\u00ednies sofisticades i car\u00e0cter auda\u00e7 en un disseny de luxe contemporani. Eleva el teu look i aconsegueix-les avui mateix <\/p>\n","protected":false},"excerpt":{"rendered":"<p>Versace 2297: estil premium i actitud fashion. Compra-les ja <\/p>\n","protected":false},"featured_media":7667,"comment_status":"closed","ping_status":"closed","template":"","meta":[],"product_brand":[],"product_cat":[298],"product_tag":[],"calibre":[420],"puente":[429],"genero":[439],"montura":[],"material":[444],"estilo":[810,513,449,446],"lente":[457],"marca":[463],"tipo":[465],"class_list":{"0":"post-7669","1":"product","2":"type-product","3":"status-publish","4":"has-post-thumbnail","6":"product_cat-ulleres-de-sol","7":"pa_color-cristales-gris-ca","8":"pa_color-montura-daurat-ca-ca","9":"calibre-54-ca","10":"puente-16-ca","11":"genero-home-ca","12":"material-metall-ca","13":"estilo-geometrica-ca","14":"estilo-hexagonal","15":"estilo-quadrada-ca","16":"estilo-rectangular-ca","17":"lente-estandard-ca","18":"marca-versace-ca","19":"tipo-ulleres-de-sol","21":"first","22":"instock","23":"sale","24":"shipping-taxable","25":"purchasable","26":"product-type-simple"},"aioseo_notices":[],"_links":{"self":[{"href":"https:\/\/opticasisquella.com\/ca\/wp-json\/wp\/v2\/product\/7669","targetHints":{"allow":["GET"]}}],"collection":[{"href":"https:\/\/opticasisquella.com\/ca\/wp-json\/wp\/v2\/product"}],"about":[{"href":"https:\/\/opticasisquella.com\/ca\/wp-json\/wp\/v2\/types\/product"}],"replies":[{"embeddable":true,"href":"https:\/\/opticasisquella.com\/ca\/wp-json\/wp\/v2\/comments?post=7669"}],"wp:featuredmedia":[{"embeddable":true,"href":"https:\/\/opticasisquella.com\/ca\/wp-json\/wp\/v2\/media\/7667"}],"wp:attachment":[{"href":"https:\/\/opticasisquella.com\/ca\/wp-json\/wp\/v2\/media?parent=7669"}],"wp:term":[{"taxonomy":"product_brand","embeddable":true,"href":"https:\/\/opticasisquella.com\/ca\/wp-json\/wp\/v2\/product_brand?post=7669"},{"taxonomy":"product_cat","embeddable":true,"href":"https:\/\/opticasisquella.com\/ca\/wp-json\/wp\/v2\/product_cat?post=7669"},{"taxonomy":"product_tag","embeddable":true,"href":"https:\/\/opticasisquella.com\/ca\/wp-json\/wp\/v2\/product_tag?post=7669"},{"taxonomy":"calibre","embeddable":true,"href":"https:\/\/opticasisquella.com\/ca\/wp-json\/wp\/v2\/calibre?post=7669"},{"taxonomy":"puente","embeddable":true,"href":"https:\/\/opticasisquella.com\/ca\/wp-json\/wp\/v2\/puente?post=7669"},{"taxonomy":"genero","embeddable":true,"href":"https:\/\/opticasisquella.com\/ca\/wp-json\/wp\/v2\/genero?post=7669"},{"taxonomy":"montura","embeddable":true,"href":"https:\/\/opticasisquella.com\/ca\/wp-json\/wp\/v2\/montura?post=7669"},{"taxonomy":"material","embeddable":true,"href":"https:\/\/opticasisquella.com\/ca\/wp-json\/wp\/v2\/material?post=7669"},{"taxonomy":"estilo","embeddable":true,"href":"https:\/\/opticasisquella.com\/ca\/wp-json\/wp\/v2\/estilo?post=7669"},{"taxonomy":"lente","embeddable":true,"href":"https:\/\/opticasisquella.com\/ca\/wp-json\/wp\/v2\/lente?post=7669"},{"taxonomy":"marca","embeddable":true,"href":"https:\/\/opticasisquella.com\/ca\/wp-json\/wp\/v2\/marca?post=7669"},{"taxonomy":"tipo","embeddable":true,"href":"https:\/\/opticasisquella.com\/ca\/wp-json\/wp\/v2\/tipo?post=7669"}],"curies":[{"name":"wp","href":"https:\/\/api.w.org\/{rel}","templated":true}]}}