{"id":7566,"date":"2026-04-25T16:28:24","date_gmt":"2026-04-25T14:28:24","guid":{"rendered":"https:\/\/opticasisquella.com\/producto\/ulleres-de-sol-versace-2245-1002-8g\/"},"modified":"2026-04-25T16:28:24","modified_gmt":"2026-04-25T14:28:24","slug":"ulleres-de-sol-versace-2245-1002-8g","status":"publish","type":"product","link":"https:\/\/opticasisquella.com\/ca\/producto\/ulleres-de-sol-versace-2245-1002-8g\/","title":{"rendered":"ULLERES DE SOL VERSACE 2245 1002-8G"},"content":{"rendered":"<p data-start=\"0\" data-end=\"189\">Les Versace 2245 1002-8G combinen eleg\u00e0ncia auda\u00e7 i esperit juvenil en un disseny ic\u00f2nic. Brilla amb estil d&#8217;alta moda i compra-les ara mateix <\/p>\n","protected":false},"excerpt":{"rendered":"<p>Versace 2245: glamour modern i actitud chic. Fes-les teves <\/p>\n","protected":false},"featured_media":7564,"comment_status":"closed","ping_status":"closed","template":"","meta":[],"product_brand":[],"product_cat":[298],"product_tag":[],"calibre":[406],"puente":[435],"genero":[440,439,438],"montura":[],"material":[444],"estilo":[449],"lente":[460],"marca":[463],"tipo":[465],"class_list":{"0":"post-7566","1":"product","2":"type-product","3":"status-publish","4":"has-post-thumbnail","6":"product_cat-ulleres-de-sol","7":"pa_color-cristales-gris-degradat-ca","8":"pa_color-montura-daurat-ca-ca","9":"calibre-60-ca","10":"puente-13-ca","11":"genero-dona-ca","12":"genero-home-ca","13":"genero-unisex-ca","14":"material-metall-ca","15":"estilo-quadrada-ca","16":"lente-degradades-ca","17":"marca-versace-ca","18":"tipo-ulleres-de-sol","20":"first","21":"instock","22":"sale","23":"shipping-taxable","24":"purchasable","25":"product-type-simple"},"aioseo_notices":[],"_links":{"self":[{"href":"https:\/\/opticasisquella.com\/ca\/wp-json\/wp\/v2\/product\/7566","targetHints":{"allow":["GET"]}}],"collection":[{"href":"https:\/\/opticasisquella.com\/ca\/wp-json\/wp\/v2\/product"}],"about":[{"href":"https:\/\/opticasisquella.com\/ca\/wp-json\/wp\/v2\/types\/product"}],"replies":[{"embeddable":true,"href":"https:\/\/opticasisquella.com\/ca\/wp-json\/wp\/v2\/comments?post=7566"}],"wp:featuredmedia":[{"embeddable":true,"href":"https:\/\/opticasisquella.com\/ca\/wp-json\/wp\/v2\/media\/7564"}],"wp:attachment":[{"href":"https:\/\/opticasisquella.com\/ca\/wp-json\/wp\/v2\/media?parent=7566"}],"wp:term":[{"taxonomy":"product_brand","embeddable":true,"href":"https:\/\/opticasisquella.com\/ca\/wp-json\/wp\/v2\/product_brand?post=7566"},{"taxonomy":"product_cat","embeddable":true,"href":"https:\/\/opticasisquella.com\/ca\/wp-json\/wp\/v2\/product_cat?post=7566"},{"taxonomy":"product_tag","embeddable":true,"href":"https:\/\/opticasisquella.com\/ca\/wp-json\/wp\/v2\/product_tag?post=7566"},{"taxonomy":"calibre","embeddable":true,"href":"https:\/\/opticasisquella.com\/ca\/wp-json\/wp\/v2\/calibre?post=7566"},{"taxonomy":"puente","embeddable":true,"href":"https:\/\/opticasisquella.com\/ca\/wp-json\/wp\/v2\/puente?post=7566"},{"taxonomy":"genero","embeddable":true,"href":"https:\/\/opticasisquella.com\/ca\/wp-json\/wp\/v2\/genero?post=7566"},{"taxonomy":"montura","embeddable":true,"href":"https:\/\/opticasisquella.com\/ca\/wp-json\/wp\/v2\/montura?post=7566"},{"taxonomy":"material","embeddable":true,"href":"https:\/\/opticasisquella.com\/ca\/wp-json\/wp\/v2\/material?post=7566"},{"taxonomy":"estilo","embeddable":true,"href":"https:\/\/opticasisquella.com\/ca\/wp-json\/wp\/v2\/estilo?post=7566"},{"taxonomy":"lente","embeddable":true,"href":"https:\/\/opticasisquella.com\/ca\/wp-json\/wp\/v2\/lente?post=7566"},{"taxonomy":"marca","embeddable":true,"href":"https:\/\/opticasisquella.com\/ca\/wp-json\/wp\/v2\/marca?post=7566"},{"taxonomy":"tipo","embeddable":true,"href":"https:\/\/opticasisquella.com\/ca\/wp-json\/wp\/v2\/tipo?post=7566"}],"curies":[{"name":"wp","href":"https:\/\/api.w.org\/{rel}","templated":true}]}}