{"id":7547,"date":"2026-04-25T13:09:54","date_gmt":"2026-04-25T11:09:54","guid":{"rendered":"https:\/\/opticasisquella.com\/producto\/ulleres-de-sol-versace-2225-1002-87\/"},"modified":"2026-04-25T13:09:54","modified_gmt":"2026-04-25T11:09:54","slug":"ulleres-de-sol-versace-2225-1002-87","status":"publish","type":"product","link":"https:\/\/opticasisquella.com\/ca\/producto\/ulleres-de-sol-versace-2225-1002-87\/","title":{"rendered":"ULLERES DE SOL VERSACE 2225 1002-87"},"content":{"rendered":"<p data-start=\"0\" data-end=\"193\">Les Versace 2225 1002-87 fusionen eleg\u00e0ncia urbana i car\u00e0cter atrevit en un disseny ic\u00f2nic. Destaca amb un look d&#8217;alta moda i fes-te&#8217;n ara <\/p>\n","protected":false},"excerpt":{"rendered":"<p>Versace 2225: luxe urb\u00e0 amb actitud. Compra-les ja <\/p>\n","protected":false},"featured_media":7545,"comment_status":"closed","ping_status":"closed","template":"","meta":[],"product_brand":[],"product_cat":[298],"product_tag":[],"calibre":[406],"puente":[426],"genero":[440,439,438],"montura":[],"material":[444],"estilo":[452],"lente":[457],"marca":[463],"tipo":[465],"class_list":{"0":"post-7547","1":"product","2":"type-product","3":"status-publish","4":"has-post-thumbnail","6":"product_cat-ulleres-de-sol","7":"pa_color-cristales-gris-ca","8":"pa_color-montura-daurat-ca-ca","9":"calibre-60-ca","10":"puente-15-ca","11":"genero-dona-ca","12":"genero-home-ca","13":"genero-unisex-ca","14":"material-metall-ca","15":"estilo-aviador-ca","16":"lente-estandard-ca","17":"marca-versace-ca","18":"tipo-ulleres-de-sol","20":"first","21":"instock","22":"sale","23":"shipping-taxable","24":"purchasable","25":"product-type-simple"},"aioseo_notices":[],"_links":{"self":[{"href":"https:\/\/opticasisquella.com\/ca\/wp-json\/wp\/v2\/product\/7547","targetHints":{"allow":["GET"]}}],"collection":[{"href":"https:\/\/opticasisquella.com\/ca\/wp-json\/wp\/v2\/product"}],"about":[{"href":"https:\/\/opticasisquella.com\/ca\/wp-json\/wp\/v2\/types\/product"}],"replies":[{"embeddable":true,"href":"https:\/\/opticasisquella.com\/ca\/wp-json\/wp\/v2\/comments?post=7547"}],"wp:featuredmedia":[{"embeddable":true,"href":"https:\/\/opticasisquella.com\/ca\/wp-json\/wp\/v2\/media\/7545"}],"wp:attachment":[{"href":"https:\/\/opticasisquella.com\/ca\/wp-json\/wp\/v2\/media?parent=7547"}],"wp:term":[{"taxonomy":"product_brand","embeddable":true,"href":"https:\/\/opticasisquella.com\/ca\/wp-json\/wp\/v2\/product_brand?post=7547"},{"taxonomy":"product_cat","embeddable":true,"href":"https:\/\/opticasisquella.com\/ca\/wp-json\/wp\/v2\/product_cat?post=7547"},{"taxonomy":"product_tag","embeddable":true,"href":"https:\/\/opticasisquella.com\/ca\/wp-json\/wp\/v2\/product_tag?post=7547"},{"taxonomy":"calibre","embeddable":true,"href":"https:\/\/opticasisquella.com\/ca\/wp-json\/wp\/v2\/calibre?post=7547"},{"taxonomy":"puente","embeddable":true,"href":"https:\/\/opticasisquella.com\/ca\/wp-json\/wp\/v2\/puente?post=7547"},{"taxonomy":"genero","embeddable":true,"href":"https:\/\/opticasisquella.com\/ca\/wp-json\/wp\/v2\/genero?post=7547"},{"taxonomy":"montura","embeddable":true,"href":"https:\/\/opticasisquella.com\/ca\/wp-json\/wp\/v2\/montura?post=7547"},{"taxonomy":"material","embeddable":true,"href":"https:\/\/opticasisquella.com\/ca\/wp-json\/wp\/v2\/material?post=7547"},{"taxonomy":"estilo","embeddable":true,"href":"https:\/\/opticasisquella.com\/ca\/wp-json\/wp\/v2\/estilo?post=7547"},{"taxonomy":"lente","embeddable":true,"href":"https:\/\/opticasisquella.com\/ca\/wp-json\/wp\/v2\/lente?post=7547"},{"taxonomy":"marca","embeddable":true,"href":"https:\/\/opticasisquella.com\/ca\/wp-json\/wp\/v2\/marca?post=7547"},{"taxonomy":"tipo","embeddable":true,"href":"https:\/\/opticasisquella.com\/ca\/wp-json\/wp\/v2\/tipo?post=7547"}],"curies":[{"name":"wp","href":"https:\/\/api.w.org\/{rel}","templated":true}]}}