{"id":7433,"date":"2026-04-14T18:23:06","date_gmt":"2026-04-14T16:23:06","guid":{"rendered":"https:\/\/opticasisquella.com\/producto\/ulleres-graduades-oakley-meta-hstn-w8002-02-fotocromatiques\/"},"modified":"2026-04-14T18:23:06","modified_gmt":"2026-04-14T16:23:06","slug":"ulleres-graduades-oakley-meta-hstn-w8002-02-fotocromatiques","status":"publish","type":"product","link":"https:\/\/opticasisquella.com\/ca\/producto\/ulleres-graduades-oakley-meta-hstn-w8002-02-fotocromatiques\/","title":{"rendered":"ULLERES GRADUADES OAKLEY META HSTN W8002 02 FOTOCROM\u00c0TIQUES"},"content":{"rendered":"<p data-start=\"90\" data-end=\"245\">Ulleres Oakley Meta HSTN amb IA, c\u00e0mera i \u00e0udio integrats. Lents fotocrom\u00e0tiques Transitions\u00ae i muntura O-Matter\u2122 per a una visi\u00f3 adaptativa. Compra ara!  <\/p>\n","protected":false},"excerpt":{"rendered":"<p><strong>*Producte no reemborsable: Donades les caracter\u00edstiques t\u00e8cniques del producte, no s&#8217;admetran canvis o devolucions una vegada desprecintat.<\/strong><\/p>\n<p>Gafas con IA, c\u00e1mara, audio y lentes fotocrom\u00e1ticas: visi\u00f3n inteligente y conectividad total. \u00a1Hazte con ellas hoy! <\/p>\n","protected":false},"featured_media":7428,"comment_status":"closed","ping_status":"closed","template":"","meta":[],"product_brand":[],"product_cat":[299],"product_tag":[],"calibre":[416],"puente":[751],"genero":[440,439,438],"montura":[],"material":[445],"estilo":[],"lente":[458],"marca":[1186],"tipo":[1103],"class_list":{"0":"post-7433","1":"product","2":"type-product","3":"status-publish","4":"has-post-thumbnail","6":"product_cat-ulleres-graduades","7":"pa_color-cristales-violeta-fotocromatic","8":"pa_color-montura-negre-brillant-ca","9":"calibre-51-ca","10":"puente-22-ca","11":"genero-dona-ca","12":"genero-home-ca","13":"genero-unisex-ca","14":"material-acetato-plastic-ca","15":"lente-fotocromatiques-ca","16":"marca-oakley-meta","17":"tipo-ulleres-graduades","19":"first","20":"instock","21":"featured","22":"shipping-taxable","23":"purchasable","24":"product-type-simple"},"aioseo_notices":[],"_links":{"self":[{"href":"https:\/\/opticasisquella.com\/ca\/wp-json\/wp\/v2\/product\/7433","targetHints":{"allow":["GET"]}}],"collection":[{"href":"https:\/\/opticasisquella.com\/ca\/wp-json\/wp\/v2\/product"}],"about":[{"href":"https:\/\/opticasisquella.com\/ca\/wp-json\/wp\/v2\/types\/product"}],"replies":[{"embeddable":true,"href":"https:\/\/opticasisquella.com\/ca\/wp-json\/wp\/v2\/comments?post=7433"}],"wp:featuredmedia":[{"embeddable":true,"href":"https:\/\/opticasisquella.com\/ca\/wp-json\/wp\/v2\/media\/7428"}],"wp:attachment":[{"href":"https:\/\/opticasisquella.com\/ca\/wp-json\/wp\/v2\/media?parent=7433"}],"wp:term":[{"taxonomy":"product_brand","embeddable":true,"href":"https:\/\/opticasisquella.com\/ca\/wp-json\/wp\/v2\/product_brand?post=7433"},{"taxonomy":"product_cat","embeddable":true,"href":"https:\/\/opticasisquella.com\/ca\/wp-json\/wp\/v2\/product_cat?post=7433"},{"taxonomy":"product_tag","embeddable":true,"href":"https:\/\/opticasisquella.com\/ca\/wp-json\/wp\/v2\/product_tag?post=7433"},{"taxonomy":"calibre","embeddable":true,"href":"https:\/\/opticasisquella.com\/ca\/wp-json\/wp\/v2\/calibre?post=7433"},{"taxonomy":"puente","embeddable":true,"href":"https:\/\/opticasisquella.com\/ca\/wp-json\/wp\/v2\/puente?post=7433"},{"taxonomy":"genero","embeddable":true,"href":"https:\/\/opticasisquella.com\/ca\/wp-json\/wp\/v2\/genero?post=7433"},{"taxonomy":"montura","embeddable":true,"href":"https:\/\/opticasisquella.com\/ca\/wp-json\/wp\/v2\/montura?post=7433"},{"taxonomy":"material","embeddable":true,"href":"https:\/\/opticasisquella.com\/ca\/wp-json\/wp\/v2\/material?post=7433"},{"taxonomy":"estilo","embeddable":true,"href":"https:\/\/opticasisquella.com\/ca\/wp-json\/wp\/v2\/estilo?post=7433"},{"taxonomy":"lente","embeddable":true,"href":"https:\/\/opticasisquella.com\/ca\/wp-json\/wp\/v2\/lente?post=7433"},{"taxonomy":"marca","embeddable":true,"href":"https:\/\/opticasisquella.com\/ca\/wp-json\/wp\/v2\/marca?post=7433"},{"taxonomy":"tipo","embeddable":true,"href":"https:\/\/opticasisquella.com\/ca\/wp-json\/wp\/v2\/tipo?post=7433"}],"curies":[{"name":"wp","href":"https:\/\/api.w.org\/{rel}","templated":true}]}}