{"id":7423,"date":"2026-04-11T19:19:14","date_gmt":"2026-04-11T17:19:14","guid":{"rendered":"https:\/\/opticasisquella.com\/producto\/ulleres-de-sol-etnia-barcelona-encants-hvpk-polaritzades\/"},"modified":"2026-04-11T19:25:26","modified_gmt":"2026-04-11T17:25:26","slug":"ulleres-de-sol-etnia-barcelona-encants-hvpk-polaritzades","status":"publish","type":"product","link":"https:\/\/opticasisquella.com\/ca\/producto\/ulleres-de-sol-etnia-barcelona-encants-hvpk-polaritzades\/","title":{"rendered":"ULLERES DE SOL ETNIA BARCELONA ENCANTS HVPK POLARITZADES"},"content":{"rendered":"<p data-start=\"14\" data-end=\"252\">Les ulleres de sol Etnia Barcelona Encants HVPK polaritzades eliminen reflexos i realcen el color per a una visi\u00f3 m\u00e9s c\u00f2moda i vibrant. Estil i protecci\u00f3. Fes-les teves avui!  <\/p>\n","protected":false},"excerpt":{"rendered":"<p>Encants HVPK: menys reflexos, m\u00e9s color i estil. Gaudeix de cada mirada. Compra-les ara!  <\/p>\n","protected":false},"featured_media":7421,"comment_status":"closed","ping_status":"closed","template":"","meta":[],"product_brand":[],"product_cat":[298],"product_tag":[],"calibre":[414],"puente":[426],"genero":[440],"montura":[],"material":[445],"estilo":[449],"lente":[460,736,459],"marca":[862],"tipo":[465],"class_list":{"0":"post-7423","1":"product","2":"type-product","3":"status-publish","4":"has-post-thumbnail","6":"product_cat-ulleres-de-sol","7":"pa_color-cristales-marro-degradat-polaritzat-ca","8":"pa_color-montura-havana-rosa","9":"calibre-56-ca","10":"puente-15-ca","11":"genero-dona-ca","12":"material-acetato-plastic-ca","13":"estilo-quadrada-ca","14":"lente-degradades-ca","15":"lente-degradades-polaritzades-ca","16":"lente-polaritzades-ca","17":"marca-etnia-ca","18":"tipo-ulleres-de-sol","20":"first","21":"instock","22":"sale","23":"shipping-taxable","24":"purchasable","25":"product-type-simple"},"aioseo_notices":[],"_links":{"self":[{"href":"https:\/\/opticasisquella.com\/ca\/wp-json\/wp\/v2\/product\/7423","targetHints":{"allow":["GET"]}}],"collection":[{"href":"https:\/\/opticasisquella.com\/ca\/wp-json\/wp\/v2\/product"}],"about":[{"href":"https:\/\/opticasisquella.com\/ca\/wp-json\/wp\/v2\/types\/product"}],"replies":[{"embeddable":true,"href":"https:\/\/opticasisquella.com\/ca\/wp-json\/wp\/v2\/comments?post=7423"}],"wp:featuredmedia":[{"embeddable":true,"href":"https:\/\/opticasisquella.com\/ca\/wp-json\/wp\/v2\/media\/7421"}],"wp:attachment":[{"href":"https:\/\/opticasisquella.com\/ca\/wp-json\/wp\/v2\/media?parent=7423"}],"wp:term":[{"taxonomy":"product_brand","embeddable":true,"href":"https:\/\/opticasisquella.com\/ca\/wp-json\/wp\/v2\/product_brand?post=7423"},{"taxonomy":"product_cat","embeddable":true,"href":"https:\/\/opticasisquella.com\/ca\/wp-json\/wp\/v2\/product_cat?post=7423"},{"taxonomy":"product_tag","embeddable":true,"href":"https:\/\/opticasisquella.com\/ca\/wp-json\/wp\/v2\/product_tag?post=7423"},{"taxonomy":"calibre","embeddable":true,"href":"https:\/\/opticasisquella.com\/ca\/wp-json\/wp\/v2\/calibre?post=7423"},{"taxonomy":"puente","embeddable":true,"href":"https:\/\/opticasisquella.com\/ca\/wp-json\/wp\/v2\/puente?post=7423"},{"taxonomy":"genero","embeddable":true,"href":"https:\/\/opticasisquella.com\/ca\/wp-json\/wp\/v2\/genero?post=7423"},{"taxonomy":"montura","embeddable":true,"href":"https:\/\/opticasisquella.com\/ca\/wp-json\/wp\/v2\/montura?post=7423"},{"taxonomy":"material","embeddable":true,"href":"https:\/\/opticasisquella.com\/ca\/wp-json\/wp\/v2\/material?post=7423"},{"taxonomy":"estilo","embeddable":true,"href":"https:\/\/opticasisquella.com\/ca\/wp-json\/wp\/v2\/estilo?post=7423"},{"taxonomy":"lente","embeddable":true,"href":"https:\/\/opticasisquella.com\/ca\/wp-json\/wp\/v2\/lente?post=7423"},{"taxonomy":"marca","embeddable":true,"href":"https:\/\/opticasisquella.com\/ca\/wp-json\/wp\/v2\/marca?post=7423"},{"taxonomy":"tipo","embeddable":true,"href":"https:\/\/opticasisquella.com\/ca\/wp-json\/wp\/v2\/tipo?post=7423"}],"curies":[{"name":"wp","href":"https:\/\/api.w.org\/{rel}","templated":true}]}}