{"id":7152,"date":"2026-02-07T16:21:45","date_gmt":"2026-02-07T14:21:45","guid":{"rendered":"https:\/\/opticasisquella.com\/producto\/ulleres-de-sol-etnia-barcelona-les-corts-bkhv-fotocromatiques\/"},"modified":"2026-02-20T14:30:16","modified_gmt":"2026-02-20T12:30:16","slug":"ulleres-de-sol-etnia-barcelona-les-corts-bkhv-fotocromatiques","status":"publish","type":"product","link":"https:\/\/opticasisquella.com\/ca\/producto\/ulleres-de-sol-etnia-barcelona-les-corts-bkhv-fotocromatiques\/","title":{"rendered":"ULLERES DE SOL ETNIA BARCELONA LES CORTS BKHV FOTOCROM\u00c0TIQUES"},"content":{"rendered":"<p data-start=\"20\" data-end=\"234\">Les Etnia Barcelona Les Corts BKHV fotocrom\u00e0tiques s&#8217;adapten a cada llum amb estil urb\u00e0 i amb protecci\u00f3 UV. Disseny elegant i c\u00f2mode pel teu dia a dia. Fes-les teves avui!  <\/p>\n","protected":false},"excerpt":{"rendered":"<p>Les Corts BKHV: lents que s&#8217;adapten a la llum i al teu estil. Protecci\u00f3 i eleg\u00e0ncia per a cada moment. Emporta-te-les!  <\/p>\n","protected":false},"featured_media":7150,"comment_status":"closed","ping_status":"closed","template":"","meta":[],"product_brand":[1017],"product_cat":[298],"product_tag":[],"calibre":[420],"puente":[427],"genero":[440],"montura":[],"material":[445],"estilo":[810,513],"lente":[460,872,458],"marca":[862],"tipo":[465],"class_list":{"0":"post-7152","1":"product","2":"type-product","3":"status-publish","4":"has-post-thumbnail","6":"product_brand-etnia","7":"product_cat-ulleres-de-sol","8":"pa_color-cristales-gris-degradat-fotocromatic","9":"pa_color-montura-negre-brillant-ca","10":"calibre-54-ca","11":"puente-18-ca","12":"genero-dona-ca","13":"material-acetato-plastic-ca","14":"estilo-geometrica-ca","15":"estilo-hexagonal","16":"lente-degradades-ca","17":"lente-degradades-fotocromatiques","18":"lente-fotocromatiques-ca","19":"marca-etnia-ca","20":"tipo-ulleres-de-sol","22":"first","23":"instock","24":"sale","25":"shipping-taxable","26":"purchasable","27":"product-type-simple"},"aioseo_notices":[],"_links":{"self":[{"href":"https:\/\/opticasisquella.com\/ca\/wp-json\/wp\/v2\/product\/7152","targetHints":{"allow":["GET"]}}],"collection":[{"href":"https:\/\/opticasisquella.com\/ca\/wp-json\/wp\/v2\/product"}],"about":[{"href":"https:\/\/opticasisquella.com\/ca\/wp-json\/wp\/v2\/types\/product"}],"replies":[{"embeddable":true,"href":"https:\/\/opticasisquella.com\/ca\/wp-json\/wp\/v2\/comments?post=7152"}],"wp:featuredmedia":[{"embeddable":true,"href":"https:\/\/opticasisquella.com\/ca\/wp-json\/wp\/v2\/media\/7150"}],"wp:attachment":[{"href":"https:\/\/opticasisquella.com\/ca\/wp-json\/wp\/v2\/media?parent=7152"}],"wp:term":[{"taxonomy":"product_brand","embeddable":true,"href":"https:\/\/opticasisquella.com\/ca\/wp-json\/wp\/v2\/product_brand?post=7152"},{"taxonomy":"product_cat","embeddable":true,"href":"https:\/\/opticasisquella.com\/ca\/wp-json\/wp\/v2\/product_cat?post=7152"},{"taxonomy":"product_tag","embeddable":true,"href":"https:\/\/opticasisquella.com\/ca\/wp-json\/wp\/v2\/product_tag?post=7152"},{"taxonomy":"calibre","embeddable":true,"href":"https:\/\/opticasisquella.com\/ca\/wp-json\/wp\/v2\/calibre?post=7152"},{"taxonomy":"puente","embeddable":true,"href":"https:\/\/opticasisquella.com\/ca\/wp-json\/wp\/v2\/puente?post=7152"},{"taxonomy":"genero","embeddable":true,"href":"https:\/\/opticasisquella.com\/ca\/wp-json\/wp\/v2\/genero?post=7152"},{"taxonomy":"montura","embeddable":true,"href":"https:\/\/opticasisquella.com\/ca\/wp-json\/wp\/v2\/montura?post=7152"},{"taxonomy":"material","embeddable":true,"href":"https:\/\/opticasisquella.com\/ca\/wp-json\/wp\/v2\/material?post=7152"},{"taxonomy":"estilo","embeddable":true,"href":"https:\/\/opticasisquella.com\/ca\/wp-json\/wp\/v2\/estilo?post=7152"},{"taxonomy":"lente","embeddable":true,"href":"https:\/\/opticasisquella.com\/ca\/wp-json\/wp\/v2\/lente?post=7152"},{"taxonomy":"marca","embeddable":true,"href":"https:\/\/opticasisquella.com\/ca\/wp-json\/wp\/v2\/marca?post=7152"},{"taxonomy":"tipo","embeddable":true,"href":"https:\/\/opticasisquella.com\/ca\/wp-json\/wp\/v2\/tipo?post=7152"}],"curies":[{"name":"wp","href":"https:\/\/api.w.org\/{rel}","templated":true}]}}