{"id":7146,"date":"2026-02-07T14:53:37","date_gmt":"2026-02-07T12:53:37","guid":{"rendered":"https:\/\/opticasisquella.com\/producto\/ulleres-de-sol-etnia-barcelona-kohlmarkt-3-hvpt\/"},"modified":"2026-02-07T15:00:13","modified_gmt":"2026-02-07T13:00:13","slug":"ulleres-de-sol-etnia-barcelona-kohlmarkt-3-hvpt","status":"publish","type":"product","link":"https:\/\/opticasisquella.com\/ca\/producto\/ulleres-de-sol-etnia-barcelona-kohlmarkt-3-hvpt\/","title":{"rendered":"ULLERES DE SOL ETNIA BARCELONA KOHLMARKT-3 HVPT"},"content":{"rendered":"<p data-start=\"34\" data-end=\"252\">Les Etnia Barcelona Kohlmarkt-3 HVPT ofereixen una visi\u00f3 n\u00edtida i sense reflexos amb un disseny elegant i modern. Protecci\u00f3 UV i estil urb\u00e0 \u00fanic. Estrena-les avui!  <\/p>\n","protected":false},"excerpt":{"rendered":"<p>Kohlmarkt-3 HVPT: claredat, estil i protecci\u00f3 UV. Viu cada moment amb actitud i fes-les teves <\/p>\n","protected":false},"featured_media":7144,"comment_status":"closed","ping_status":"closed","template":"","meta":[],"product_brand":[1017],"product_cat":[298],"product_tag":[],"calibre":[408],"puente":[426],"genero":[439],"montura":[],"material":[445],"estilo":[446],"lente":[460],"marca":[862],"tipo":[465],"class_list":{"0":"post-7146","1":"product","2":"type-product","3":"status-publish","4":"has-post-thumbnail","6":"product_brand-etnia","7":"product_cat-ulleres-de-sol","8":"pa_color-cristales-verd-degradat-ca","9":"pa_color-montura-blau-petroli","10":"calibre-59-ca","11":"puente-15-ca","12":"genero-home-ca","13":"material-acetato-plastic-ca","14":"estilo-rectangular-ca","15":"lente-degradades-ca","16":"marca-etnia-ca","17":"tipo-ulleres-de-sol","19":"first","20":"instock","21":"sale","22":"shipping-taxable","23":"purchasable","24":"product-type-simple"},"aioseo_notices":[],"_links":{"self":[{"href":"https:\/\/opticasisquella.com\/ca\/wp-json\/wp\/v2\/product\/7146","targetHints":{"allow":["GET"]}}],"collection":[{"href":"https:\/\/opticasisquella.com\/ca\/wp-json\/wp\/v2\/product"}],"about":[{"href":"https:\/\/opticasisquella.com\/ca\/wp-json\/wp\/v2\/types\/product"}],"replies":[{"embeddable":true,"href":"https:\/\/opticasisquella.com\/ca\/wp-json\/wp\/v2\/comments?post=7146"}],"wp:featuredmedia":[{"embeddable":true,"href":"https:\/\/opticasisquella.com\/ca\/wp-json\/wp\/v2\/media\/7144"}],"wp:attachment":[{"href":"https:\/\/opticasisquella.com\/ca\/wp-json\/wp\/v2\/media?parent=7146"}],"wp:term":[{"taxonomy":"product_brand","embeddable":true,"href":"https:\/\/opticasisquella.com\/ca\/wp-json\/wp\/v2\/product_brand?post=7146"},{"taxonomy":"product_cat","embeddable":true,"href":"https:\/\/opticasisquella.com\/ca\/wp-json\/wp\/v2\/product_cat?post=7146"},{"taxonomy":"product_tag","embeddable":true,"href":"https:\/\/opticasisquella.com\/ca\/wp-json\/wp\/v2\/product_tag?post=7146"},{"taxonomy":"calibre","embeddable":true,"href":"https:\/\/opticasisquella.com\/ca\/wp-json\/wp\/v2\/calibre?post=7146"},{"taxonomy":"puente","embeddable":true,"href":"https:\/\/opticasisquella.com\/ca\/wp-json\/wp\/v2\/puente?post=7146"},{"taxonomy":"genero","embeddable":true,"href":"https:\/\/opticasisquella.com\/ca\/wp-json\/wp\/v2\/genero?post=7146"},{"taxonomy":"montura","embeddable":true,"href":"https:\/\/opticasisquella.com\/ca\/wp-json\/wp\/v2\/montura?post=7146"},{"taxonomy":"material","embeddable":true,"href":"https:\/\/opticasisquella.com\/ca\/wp-json\/wp\/v2\/material?post=7146"},{"taxonomy":"estilo","embeddable":true,"href":"https:\/\/opticasisquella.com\/ca\/wp-json\/wp\/v2\/estilo?post=7146"},{"taxonomy":"lente","embeddable":true,"href":"https:\/\/opticasisquella.com\/ca\/wp-json\/wp\/v2\/lente?post=7146"},{"taxonomy":"marca","embeddable":true,"href":"https:\/\/opticasisquella.com\/ca\/wp-json\/wp\/v2\/marca?post=7146"},{"taxonomy":"tipo","embeddable":true,"href":"https:\/\/opticasisquella.com\/ca\/wp-json\/wp\/v2\/tipo?post=7146"}],"curies":[{"name":"wp","href":"https:\/\/api.w.org\/{rel}","templated":true}]}}