{"id":6731,"date":"2025-11-27T18:23:10","date_gmt":"2025-11-27T16:23:10","guid":{"rendered":"https:\/\/opticasisquella.com\/producto\/ulleres-de-sol-celine-40226u-01f\/"},"modified":"2025-11-27T18:23:10","modified_gmt":"2025-11-27T16:23:10","slug":"ulleres-de-sol-celine-40226u-01f","status":"publish","type":"product","link":"https:\/\/opticasisquella.com\/ca\/producto\/ulleres-de-sol-celine-40226u-01f\/","title":{"rendered":"ULLERES DE SOL CELINE 40226U 01F"},"content":{"rendered":"<p data-start=\"94\" data-end=\"299\">Les Celine 40226U 01F Triomphe embolcallen la teva mirada amb poder i eleg\u00e0ncia: negre profund, disseny imponent i un aire de sofisticaci\u00f3 cl\u00e0ssica. Fes-les teves avui <\/p>\n","protected":false},"excerpt":{"rendered":"<p>Celine 40226U 01F Triomphe: for\u00e7a, estil i mirada inoblidable. Sent el seu magnetisme\u2026 compra-les ja! <\/p>\n","protected":false},"featured_media":6729,"comment_status":"open","ping_status":"closed","template":"","meta":[],"product_brand":[1016],"product_cat":[298],"product_tag":[],"calibre":[410],"puente":[425],"genero":[440],"montura":[],"material":[445],"estilo":[451],"lente":[460],"marca":[773],"tipo":[465],"class_list":{"0":"post-6731","1":"product","2":"type-product","3":"status-publish","4":"has-post-thumbnail","6":"product_brand-celine","7":"product_cat-ulleres-de-sol","8":"pa_color-cristales-gris-degradat-ca","9":"pa_color-montura-negre-brillant-ca","10":"calibre-55-ca","11":"puente-19-ca","12":"genero-dona-ca","13":"material-acetato-plastic-ca","14":"estilo-papallona-ca","15":"lente-degradades-ca","16":"marca-celine-ca","17":"tipo-ulleres-de-sol","19":"first","20":"instock","21":"sale","22":"featured","23":"shipping-taxable","24":"purchasable","25":"product-type-simple"},"aioseo_notices":[],"_links":{"self":[{"href":"https:\/\/opticasisquella.com\/ca\/wp-json\/wp\/v2\/product\/6731","targetHints":{"allow":["GET"]}}],"collection":[{"href":"https:\/\/opticasisquella.com\/ca\/wp-json\/wp\/v2\/product"}],"about":[{"href":"https:\/\/opticasisquella.com\/ca\/wp-json\/wp\/v2\/types\/product"}],"replies":[{"embeddable":true,"href":"https:\/\/opticasisquella.com\/ca\/wp-json\/wp\/v2\/comments?post=6731"}],"wp:featuredmedia":[{"embeddable":true,"href":"https:\/\/opticasisquella.com\/ca\/wp-json\/wp\/v2\/media\/6729"}],"wp:attachment":[{"href":"https:\/\/opticasisquella.com\/ca\/wp-json\/wp\/v2\/media?parent=6731"}],"wp:term":[{"taxonomy":"product_brand","embeddable":true,"href":"https:\/\/opticasisquella.com\/ca\/wp-json\/wp\/v2\/product_brand?post=6731"},{"taxonomy":"product_cat","embeddable":true,"href":"https:\/\/opticasisquella.com\/ca\/wp-json\/wp\/v2\/product_cat?post=6731"},{"taxonomy":"product_tag","embeddable":true,"href":"https:\/\/opticasisquella.com\/ca\/wp-json\/wp\/v2\/product_tag?post=6731"},{"taxonomy":"calibre","embeddable":true,"href":"https:\/\/opticasisquella.com\/ca\/wp-json\/wp\/v2\/calibre?post=6731"},{"taxonomy":"puente","embeddable":true,"href":"https:\/\/opticasisquella.com\/ca\/wp-json\/wp\/v2\/puente?post=6731"},{"taxonomy":"genero","embeddable":true,"href":"https:\/\/opticasisquella.com\/ca\/wp-json\/wp\/v2\/genero?post=6731"},{"taxonomy":"montura","embeddable":true,"href":"https:\/\/opticasisquella.com\/ca\/wp-json\/wp\/v2\/montura?post=6731"},{"taxonomy":"material","embeddable":true,"href":"https:\/\/opticasisquella.com\/ca\/wp-json\/wp\/v2\/material?post=6731"},{"taxonomy":"estilo","embeddable":true,"href":"https:\/\/opticasisquella.com\/ca\/wp-json\/wp\/v2\/estilo?post=6731"},{"taxonomy":"lente","embeddable":true,"href":"https:\/\/opticasisquella.com\/ca\/wp-json\/wp\/v2\/lente?post=6731"},{"taxonomy":"marca","embeddable":true,"href":"https:\/\/opticasisquella.com\/ca\/wp-json\/wp\/v2\/marca?post=6731"},{"taxonomy":"tipo","embeddable":true,"href":"https:\/\/opticasisquella.com\/ca\/wp-json\/wp\/v2\/tipo?post=6731"}],"curies":[{"name":"wp","href":"https:\/\/api.w.org\/{rel}","templated":true}]}}