{"id":6559,"date":"2025-10-15T16:32:25","date_gmt":"2025-10-15T14:32:25","guid":{"rendered":"https:\/\/opticasisquella.com\/producto\/ulleres-de-sol-tom-ford-barron-1179-01n\/"},"modified":"2025-10-15T16:34:33","modified_gmt":"2025-10-15T14:34:33","slug":"ulleres-de-sol-tom-ford-barron-1179-01n","status":"publish","type":"product","link":"https:\/\/opticasisquella.com\/ca\/producto\/ulleres-de-sol-tom-ford-barron-1179-01n\/","title":{"rendered":"ULLERES DE SOL TOM FORD BARRON 1179 01N"},"content":{"rendered":"<p data-start=\"47\" data-end=\"256\">Les Tom Ford Barron 1179 01N combinen muntura negra brillant i lents verdes amb protecci\u00f3 UV. Un disseny modern, elegant i vers\u00e0til. Compra-les ara i llueix la distinci\u00f3 de Tom Ford  <\/p>\n","protected":false},"excerpt":{"rendered":"<p>Muntura negra amb lents verdes i detall \u201cT\u201d. Compra-les ara i destaca amb l&#8217;estil Tom Ford <\/p>\n","protected":false},"featured_media":6557,"comment_status":"open","ping_status":"closed","template":"","meta":[],"product_brand":[1014],"product_cat":[298],"product_tag":[],"calibre":[420],"puente":[432],"genero":[439],"montura":[],"material":[445],"estilo":[449],"lente":[457],"marca":[464],"tipo":[465],"class_list":{"0":"post-6559","1":"product","2":"type-product","3":"status-publish","4":"has-post-thumbnail","6":"product_brand-tom-ford","7":"product_cat-ulleres-de-sol","8":"pa_color-cristales-verd-ca","9":"pa_color-montura-negre-brillant-ca","10":"calibre-54-ca","11":"puente-20-ca","12":"genero-home-ca","13":"material-acetato-plastic-ca","14":"estilo-quadrada-ca","15":"lente-estandard-ca","16":"marca-tom-ford-ca","17":"tipo-ulleres-de-sol","19":"first","20":"instock","21":"sale","22":"shipping-taxable","23":"purchasable","24":"product-type-simple"},"aioseo_notices":[],"_links":{"self":[{"href":"https:\/\/opticasisquella.com\/ca\/wp-json\/wp\/v2\/product\/6559","targetHints":{"allow":["GET"]}}],"collection":[{"href":"https:\/\/opticasisquella.com\/ca\/wp-json\/wp\/v2\/product"}],"about":[{"href":"https:\/\/opticasisquella.com\/ca\/wp-json\/wp\/v2\/types\/product"}],"replies":[{"embeddable":true,"href":"https:\/\/opticasisquella.com\/ca\/wp-json\/wp\/v2\/comments?post=6559"}],"wp:featuredmedia":[{"embeddable":true,"href":"https:\/\/opticasisquella.com\/ca\/wp-json\/wp\/v2\/media\/6557"}],"wp:attachment":[{"href":"https:\/\/opticasisquella.com\/ca\/wp-json\/wp\/v2\/media?parent=6559"}],"wp:term":[{"taxonomy":"product_brand","embeddable":true,"href":"https:\/\/opticasisquella.com\/ca\/wp-json\/wp\/v2\/product_brand?post=6559"},{"taxonomy":"product_cat","embeddable":true,"href":"https:\/\/opticasisquella.com\/ca\/wp-json\/wp\/v2\/product_cat?post=6559"},{"taxonomy":"product_tag","embeddable":true,"href":"https:\/\/opticasisquella.com\/ca\/wp-json\/wp\/v2\/product_tag?post=6559"},{"taxonomy":"calibre","embeddable":true,"href":"https:\/\/opticasisquella.com\/ca\/wp-json\/wp\/v2\/calibre?post=6559"},{"taxonomy":"puente","embeddable":true,"href":"https:\/\/opticasisquella.com\/ca\/wp-json\/wp\/v2\/puente?post=6559"},{"taxonomy":"genero","embeddable":true,"href":"https:\/\/opticasisquella.com\/ca\/wp-json\/wp\/v2\/genero?post=6559"},{"taxonomy":"montura","embeddable":true,"href":"https:\/\/opticasisquella.com\/ca\/wp-json\/wp\/v2\/montura?post=6559"},{"taxonomy":"material","embeddable":true,"href":"https:\/\/opticasisquella.com\/ca\/wp-json\/wp\/v2\/material?post=6559"},{"taxonomy":"estilo","embeddable":true,"href":"https:\/\/opticasisquella.com\/ca\/wp-json\/wp\/v2\/estilo?post=6559"},{"taxonomy":"lente","embeddable":true,"href":"https:\/\/opticasisquella.com\/ca\/wp-json\/wp\/v2\/lente?post=6559"},{"taxonomy":"marca","embeddable":true,"href":"https:\/\/opticasisquella.com\/ca\/wp-json\/wp\/v2\/marca?post=6559"},{"taxonomy":"tipo","embeddable":true,"href":"https:\/\/opticasisquella.com\/ca\/wp-json\/wp\/v2\/tipo?post=6559"}],"curies":[{"name":"wp","href":"https:\/\/api.w.org\/{rel}","templated":true}]}}