{"id":6196,"date":"2025-08-28T11:31:09","date_gmt":"2025-08-28T09:31:09","guid":{"rendered":"https:\/\/opticasisquella.com\/?post_type=product&#038;p=6196"},"modified":"2025-09-13T12:28:28","modified_gmt":"2025-09-13T10:28:28","slug":"ulleres-de-sol-versace-4486-gb1-87-copia","status":"publish","type":"product","link":"https:\/\/opticasisquella.com\/ca\/producto\/ulleres-de-sol-versace-4486-gb1-87-copia\/","title":{"rendered":"ULLERES DE SOL VERSACE 4487 GB1-87"},"content":{"rendered":"<p>Les ulleres de sol Versace VE4487 GB1\/87 s\u00f3n una veritable declaraci\u00f3 d\u2019estil amb molta personalitat. Aquest model uneix el luxe itali\u00e0 m\u00e9s reconeixible amb un disseny contemporani i original, que combina formes geom\u00e8triques amb una silueta lleugerament irregular. La muntura d\u2019acetat en negre intens transmet eleg\u00e0ncia i car\u00e0cter, mentre que les lents fosques proporcionen una protecci\u00f3 visual excel\u00b7lent en ambients amb molta llum.<\/p>\n<p>Amb una est\u00e8tica inspirada en l\u2019estil urb\u00e0 i una actitud valenta i decidida, emblema de la casa Versace, aquestes ulleres s\u00f3n perfectes tant per a un look informal com per a completar un conjunt m\u00e9s refinat. Els detalls cuidats, com els acabats brillants, la solidesa dels materials i els elements distintius de la marca, aporten un toc de sofisticaci\u00f3 discret per\u00f2 inconfusible.<\/p>\n<p>La seva forma lleugerament envoltant ofereix un ajust c\u00f2mode i afavoridor per a diferents tipus de rostre. Tant si ets a la ciutat com viatjant o gaudint del cap de setmana, les VE4487 s\u00f3n el complement ideal per destacar amb estil i seguretat.<\/p>\n","protected":false},"excerpt":{"rendered":"<p>Les ulleres de sol Versace VE4487 GB1\/87 uneixen l\u2019eleg\u00e0ncia del disseny itali\u00e0 amb una forma moderna i decidida. La seva muntura d\u2019acetat negre i la silueta irregular aporten estil i personalitat, convertint-les en un complement perfecte per a qui vol destacar amb eleg\u00e0ncia. Les lents fosques ofereixen una protecci\u00f3 visual efectiva i completen un look urb\u00e0 i sofisticat.<\/p>\n","protected":false},"featured_media":6199,"comment_status":"open","ping_status":"closed","template":"","meta":[],"product_brand":[1015],"product_cat":[298],"product_tag":[],"calibre":[420],"puente":[425],"genero":[440,439,438],"montura":[],"material":[445],"estilo":[453,810,513,752,451],"lente":[457],"marca":[463],"tipo":[465],"class_list":{"0":"post-6196","1":"product","2":"type-product","3":"status-publish","4":"has-post-thumbnail","6":"product_brand-versace","7":"product_cat-ulleres-de-sol","8":"calibre-54-ca","9":"puente-19-ca","10":"genero-dona-ca","11":"genero-home-ca","12":"genero-unisex-ca","13":"material-acetato-plastic-ca","14":"estilo-cat-eye-ca","15":"estilo-geometrica-ca","16":"estilo-hexagonal","17":"estilo-ovalada-ca","18":"estilo-papallona-ca","19":"lente-estandard-ca","20":"marca-versace-ca","21":"tipo-ulleres-de-sol","23":"first","24":"instock","25":"sale","26":"shipping-taxable","27":"purchasable","28":"product-type-simple"},"aioseo_notices":[],"_links":{"self":[{"href":"https:\/\/opticasisquella.com\/ca\/wp-json\/wp\/v2\/product\/6196","targetHints":{"allow":["GET"]}}],"collection":[{"href":"https:\/\/opticasisquella.com\/ca\/wp-json\/wp\/v2\/product"}],"about":[{"href":"https:\/\/opticasisquella.com\/ca\/wp-json\/wp\/v2\/types\/product"}],"replies":[{"embeddable":true,"href":"https:\/\/opticasisquella.com\/ca\/wp-json\/wp\/v2\/comments?post=6196"}],"wp:featuredmedia":[{"embeddable":true,"href":"https:\/\/opticasisquella.com\/ca\/wp-json\/wp\/v2\/media\/6199"}],"wp:attachment":[{"href":"https:\/\/opticasisquella.com\/ca\/wp-json\/wp\/v2\/media?parent=6196"}],"wp:term":[{"taxonomy":"product_brand","embeddable":true,"href":"https:\/\/opticasisquella.com\/ca\/wp-json\/wp\/v2\/product_brand?post=6196"},{"taxonomy":"product_cat","embeddable":true,"href":"https:\/\/opticasisquella.com\/ca\/wp-json\/wp\/v2\/product_cat?post=6196"},{"taxonomy":"product_tag","embeddable":true,"href":"https:\/\/opticasisquella.com\/ca\/wp-json\/wp\/v2\/product_tag?post=6196"},{"taxonomy":"calibre","embeddable":true,"href":"https:\/\/opticasisquella.com\/ca\/wp-json\/wp\/v2\/calibre?post=6196"},{"taxonomy":"puente","embeddable":true,"href":"https:\/\/opticasisquella.com\/ca\/wp-json\/wp\/v2\/puente?post=6196"},{"taxonomy":"genero","embeddable":true,"href":"https:\/\/opticasisquella.com\/ca\/wp-json\/wp\/v2\/genero?post=6196"},{"taxonomy":"montura","embeddable":true,"href":"https:\/\/opticasisquella.com\/ca\/wp-json\/wp\/v2\/montura?post=6196"},{"taxonomy":"material","embeddable":true,"href":"https:\/\/opticasisquella.com\/ca\/wp-json\/wp\/v2\/material?post=6196"},{"taxonomy":"estilo","embeddable":true,"href":"https:\/\/opticasisquella.com\/ca\/wp-json\/wp\/v2\/estilo?post=6196"},{"taxonomy":"lente","embeddable":true,"href":"https:\/\/opticasisquella.com\/ca\/wp-json\/wp\/v2\/lente?post=6196"},{"taxonomy":"marca","embeddable":true,"href":"https:\/\/opticasisquella.com\/ca\/wp-json\/wp\/v2\/marca?post=6196"},{"taxonomy":"tipo","embeddable":true,"href":"https:\/\/opticasisquella.com\/ca\/wp-json\/wp\/v2\/tipo?post=6196"}],"curies":[{"name":"wp","href":"https:\/\/api.w.org\/{rel}","templated":true}]}}