{"id":1121,"date":"2021-10-29T10:02:30","date_gmt":"2021-10-29T08:02:30","guid":{"rendered":"https:\/\/opticasisquella.com\/historia\/"},"modified":"2025-05-15T13:47:16","modified_gmt":"2025-05-15T11:47:16","slug":"historia","status":"publish","type":"page","link":"https:\/\/opticasisquella.com\/ca\/historia\/","title":{"rendered":"HISTORY"},"content":{"rendered":"\t\t<div data-elementor-type=\"wp-page\" data-elementor-id=\"1121\" class=\"elementor elementor-1121 elementor-218\" data-elementor-post-type=\"page\">\n\t\t\t\t<div class=\"elementor-element elementor-element-814ce23 e-flex e-con-boxed e-con e-parent\" data-id=\"814ce23\" data-element_type=\"container\" data-e-type=\"container\" data-settings=\"{&quot;background_background&quot;:&quot;classic&quot;}\">\n\t\t\t\t\t<div class=\"e-con-inner\">\n\t\t\t\t\t<\/div>\n\t\t\t\t<\/div>\n\t\t<div class=\"elementor-element elementor-element-28a5d71 e-flex e-con-boxed e-con e-parent\" data-id=\"28a5d71\" data-element_type=\"container\" data-e-type=\"container\">\n\t\t\t\t\t<div class=\"e-con-inner\">\n\t\t<div class=\"elementor-element elementor-element-ff1a6be e-con-full e-flex e-con e-child\" data-id=\"ff1a6be\" data-element_type=\"container\" data-e-type=\"container\">\n\t\t\t\t<div class=\"elementor-element elementor-element-dadee7b elementor-widget__width-initial elementor-widget elementor-widget-heading\" data-id=\"dadee7b\" data-element_type=\"widget\" data-e-type=\"widget\" data-widget_type=\"heading.default\">\n\t\t\t\t\t<h2 class=\"elementor-heading-title elementor-size-default\">QUATRE\nGENERACIONS <b><span style=\"font-weight: 900\"> D'\u00d2PTICS<\/b><\/h2>\t\t\t\t<\/div>\n\t\t\t\t<\/div>\n\t\t<div class=\"elementor-element elementor-element-57a3522 e-con-full e-flex e-con e-child\" data-id=\"57a3522\" data-element_type=\"container\" data-e-type=\"container\">\n\t\t\t\t<div class=\"elementor-element elementor-element-7440b49 elementor-widget elementor-widget-text-editor\" data-id=\"7440b49\" data-element_type=\"widget\" data-e-type=\"widget\" data-widget_type=\"text-editor.default\">\n\t\t\t\t\t\t\t\t\tQuatre generacions d&#8217;\u00f2ptics al servei de la salut visual resumeixen la hist\u00f2ria d&#8217;un negoci familiar al centre de Barcelona.\t\t\t\t\t\t\t\t<\/div>\n\t\t\t\t<\/div>\n\t\t\t\t\t<\/div>\n\t\t\t\t<\/div>\n\t\t<div class=\"elementor-element elementor-element-3d8d1bf e-con-full e-flex e-con e-parent\" data-id=\"3d8d1bf\" data-element_type=\"container\" data-e-type=\"container\">\n\t\t<div class=\"elementor-element elementor-element-d7c7025 e-con-full e-flex e-con e-child\" data-id=\"d7c7025\" data-element_type=\"container\" data-e-type=\"container\" data-settings=\"{&quot;background_background&quot;:&quot;classic&quot;}\">\n\t\t\t\t<\/div>\n\t\t<div class=\"elementor-element elementor-element-a38225b e-con-full e-flex e-con e-child\" data-id=\"a38225b\" data-element_type=\"container\" data-e-type=\"container\" data-settings=\"{&quot;background_background&quot;:&quot;classic&quot;}\">\n\t\t\t\t<\/div>\n\t\t\t\t<\/div>\n\t\t<div class=\"elementor-element elementor-element-4e0ce59 e-flex e-con-boxed e-con e-parent\" data-id=\"4e0ce59\" data-element_type=\"container\" data-e-type=\"container\">\n\t\t\t\t\t<div class=\"e-con-inner\">\n\t\t<div class=\"elementor-element elementor-element-c40efa3 e-con-full e-flex e-con e-child\" data-id=\"c40efa3\" data-element_type=\"container\" data-e-type=\"container\">\n\t\t\t\t<div class=\"elementor-element elementor-element-4ec0a8a elementor-widget elementor-widget-heading\" data-id=\"4ec0a8a\" data-element_type=\"widget\" data-e-type=\"widget\" data-widget_type=\"heading.default\">\n\t\t\t\t\t<h2 class=\"elementor-heading-title elementor-size-default\"><span style=\"font-weight: 300\">FAMILIA<\/span> <br><b>SISQUELLA<\/b><\/h2>\t\t\t\t<\/div>\n\t\t\t\t<div class=\"elementor-element elementor-element-0970362 elementor-widget__width-initial elementor-widget elementor-widget-text-editor\" data-id=\"0970362\" data-element_type=\"widget\" data-e-type=\"widget\" data-widget_type=\"text-editor.default\">\n\t\t\t\t\t\t\t\t\tA principis dels 70 es va confiar el servei de muntatge a un taller artes\u00e0 del barri de Sants regentat per Jaume Sisquella, \u00f2ptic diplomat, a qui es va traspassar l&#8217;\u00f2ptica l&#8217;any 1979. Amb la seva jubilaci\u00f3 el 2006, Carles Sisquella, \u00f2ptic optometrista, assumeix la ger\u00e8ncia fins a l&#8217;actualitat. \t\t\t\t\t\t\t\t<\/div>\n\t\t\t\t<\/div>\n\t\t<div class=\"elementor-element elementor-element-910df7d e-con-full e-flex e-con e-child\" data-id=\"910df7d\" data-element_type=\"container\" data-e-type=\"container\">\n\t\t\t\t<div class=\"elementor-element elementor-element-f5fad2d elementor-widget elementor-widget-heading\" data-id=\"f5fad2d\" data-element_type=\"widget\" data-e-type=\"widget\" data-widget_type=\"heading.default\">\n\t\t\t\t\t<h2 class=\"elementor-heading-title elementor-size-default\">DES DE 1929<br><span style=\"font-weight: 300\">AL TEU SERVEI<\/span><\/h2>\t\t\t\t<\/div>\n\t\t\t\t<div class=\"elementor-element elementor-element-44a0e86 elementor-widget__width-initial elementor-widget elementor-widget-text-editor\" data-id=\"44a0e86\" data-element_type=\"widget\" data-e-type=\"widget\" data-widget_type=\"text-editor.default\">\n\t\t\t\t\t\t\t\t\tL&#8217;\u00d2ptica Sisquella va comen\u00e7ar al maig de 1979. El local on es troba situada ja era un comer\u00e7 d&#8217;\u00f2ptica des de 1929 i durant 50 anys dues generacions de la fam\u00edlia Romagosa van liderar el negoci. \t\t\t\t\t\t\t\t<\/div>\n\t\t\t\t<\/div>\n\t\t\t\t\t<\/div>\n\t\t\t\t<\/div>\n\t\t\t\t<\/div>\n\t\t","protected":false},"excerpt":{"rendered":"<p>QUATRE GENERACIONS D&#8217;\u00d2PTICS Quatre generacions d&#8217;\u00f2ptics al servei de la salut visual resumeixen la hist\u00f2ria d&#8217;un negoci familiar al centre de Barcelona. FAMILIA SISQUELLA A principis dels 70 es va confiar el servei de muntatge a un taller artes\u00e0 del barri de Sants regentat per Jaume Sisquella, \u00f2ptic diplomat, a qui es va traspassar l&#8217;\u00f2ptica [&hellip;]<\/p>\n","protected":false},"author":1,"featured_media":814,"parent":0,"menu_order":0,"comment_status":"closed","ping_status":"closed","template":"elementor_header_footer","meta":{"footnotes":""},"class_list":["post-1121","page","type-page","status-publish","has-post-thumbnail","hentry"],"aioseo_notices":[],"_links":{"self":[{"href":"https:\/\/opticasisquella.com\/ca\/wp-json\/wp\/v2\/pages\/1121","targetHints":{"allow":["GET"]}}],"collection":[{"href":"https:\/\/opticasisquella.com\/ca\/wp-json\/wp\/v2\/pages"}],"about":[{"href":"https:\/\/opticasisquella.com\/ca\/wp-json\/wp\/v2\/types\/page"}],"author":[{"embeddable":true,"href":"https:\/\/opticasisquella.com\/ca\/wp-json\/wp\/v2\/users\/1"}],"replies":[{"embeddable":true,"href":"https:\/\/opticasisquella.com\/ca\/wp-json\/wp\/v2\/comments?post=1121"}],"version-history":[{"count":6,"href":"https:\/\/opticasisquella.com\/ca\/wp-json\/wp\/v2\/pages\/1121\/revisions"}],"predecessor-version":[{"id":5784,"href":"https:\/\/opticasisquella.com\/ca\/wp-json\/wp\/v2\/pages\/1121\/revisions\/5784"}],"wp:featuredmedia":[{"embeddable":true,"href":"https:\/\/opticasisquella.com\/ca\/wp-json\/wp\/v2\/media\/814"}],"wp:attachment":[{"href":"https:\/\/opticasisquella.com\/ca\/wp-json\/wp\/v2\/media?parent=1121"}],"curies":[{"name":"wp","href":"https:\/\/api.w.org\/{rel}","templated":true}]}}