{"id":1085,"date":"2021-10-28T07:11:10","date_gmt":"2021-10-28T05:11:10","guid":{"rendered":"https:\/\/opticasisquella.com\/politica-de-cookies-2\/"},"modified":"2026-04-27T03:25:12","modified_gmt":"2026-04-27T01:25:12","slug":"politica-de-cookies","status":"publish","type":"page","link":"https:\/\/opticasisquella.com\/ca\/politica-de-cookies\/","title":{"rendered":"POL\u00cdTICA DE COOKIES"},"content":{"rendered":"\t\t<div data-elementor-type=\"wp-page\" data-elementor-id=\"1085\" class=\"elementor elementor-1085 elementor-66\" data-elementor-post-type=\"page\">\n\t\t\t\t<div class=\"elementor-element elementor-element-588db1a3 e-flex e-con-boxed e-con e-parent\" data-id=\"588db1a3\" data-element_type=\"container\" data-e-type=\"container\">\n\t\t\t\t\t<div class=\"e-con-inner\">\n\t\t\t\t<div class=\"elementor-element elementor-element-6e55255f elementor-widget elementor-widget-text-editor\" data-id=\"6e55255f\" data-element_type=\"widget\" data-e-type=\"widget\" data-widget_type=\"text-editor.default\">\n\t\t\t\t\t\t\t\t\t<h1>POL\u00cdTICA DE COOKIES<\/h1>\n\n<p><strong>CARLES SISQUELLA I MOLL\u00c0<\/strong><\/p>\n<p>C\/ Santa Anna, 22 &#8211; 08002 Barcelona (Barcelona) ESPANYA<\/p>\n\n<p>Aquesta pol\u00edtica de cookies t\u00e9 per finalitat informar de manera clara i precisa sobre les cookies que s&#8217;utilitzen a la nostra web.<\/p>\n\n<p>Utilitzem cookies pr\u00f2pies i de tercers per millorar els nostres serveis, personalitzar el nostre lloc web, facilitar la navegaci\u00f3 dels nostres usuaris, proporcionar-li una millor experi\u00e8ncia en l&#8217;\u00fas del lloc web, identificar problemes per millorar el mateix, fer medicions i estad\u00edstiques d&#8217;\u00fas i mostrar-li publicitat relacionada amb les seves prefer\u00e8ncies mitjan\u00e7ant l&#8217;an\u00e0lisi de l&#8217;\u00fas del lloc web.<\/p>\n\n<p>L&#8217;informem que podem utilitzar cookies al seu equip a condici\u00f3 que l&#8217;usuari hagi donat el seu consentiment, salvo en els sup\u00f2sits en els quals les cookies siguin necess\u00e0ries per a la navegaci\u00f3 pel nostre lloc web. En cas de que presti el seu consentiment, podrem utilitzar cookies que ens permetran tenir m\u00e9s informaci\u00f3 sobre les seves prefer\u00e8ncies i personalitzar el nostre lloc web de conformitat amb els seus interessos individuals.<\/p>\n\n<h2>QU\u00c8 S\u00d3N LES COOKIES?<\/h2>\n\n<p>Les cookies i altres tecnologies similars tals com local shared objects, flash cookies o p\u00edxels, s\u00f3n eines empleades pels servidors Web per emmagatzemar i recuperar informaci\u00f3 sobre els seus visitants, aix\u00ed com per oferir un correcte funcionament del lloc.<\/p>\n\n<h2>TIPUS DE COOKIES<\/h2>\n\n<h3>Tipus de cookies en funci\u00f3 de l&#8217;entitat que les gestioni:<\/h3>\n<ul>\n    <li><strong>Cookies pr\u00f2pies:<\/strong> s\u00f3n aquelles que s&#8217;envien a l&#8217;equip terminal de l&#8217;usuari des d&#8217;un equip o domini gestionat pel titular de la p\u00e0gina web i des de la qual es presta el servei sol\u00b7licitat per l&#8217;usuari.<\/li>\n    <li><strong>Cookies de tercers:<\/strong> s\u00f3n aquelles que s&#8217;envien a l&#8217;equip terminal de l&#8217;usuari des d&#8217;un equip o domini que no \u00e9s gestionat pel titular de la p\u00e0gina web des de la qual es presta el servei sol\u00b7licitat per l&#8217;usuari, sin\u00f3 per una altra entitat que tracta les dades obtingudes trav\u00e9s de les cookies. Aix\u00ed mateix, en el cas de que les cookies siguin instal\u00b7lades des d&#8217;un equip o domini gestionat pel propi titular del lloc Web per\u00f2 la informaci\u00f3 que es reculli mitjan\u00e7ant aquestes sigui gestionada per un tercer, tamb\u00e9 seran considerades com a cookies de tercers.<\/li>\n<\/ul>\n\n<h3>Tipus de cookies segons la finalitat:<\/h3>\n<ul>\n    <li><strong>Cookies t\u00e8cniques:<\/strong> s\u00f3n aquelles que permeten a l&#8217;usuari la navegaci\u00f3 a trav\u00e9s d&#8217;una p\u00e0gina web, plataforma o aplicaci\u00f3 i la utilitzaci\u00f3 de les diferents opcions o serveis que en ella existeixin, incloent aquelles que l&#8217;editor utilitza per permetre la gesti\u00f3 i operativa de la p\u00e0gina web i habilitar les seves funcions i serveis, com, per exemple, controlar el tr\u00e0nsit i la comunicaci\u00f3 de dades, identificar la sessi\u00f3, accedir a parts d&#8217;acc\u00e9s restringit, recordar els elements que integren una comanda, realitzar el proc\u00e9s de compra d&#8217;una comanda, gestionar el pagament, controlar el frau vinculat a la seguretat del servei, realitzar la sol\u00b7licitud d&#8217;inscripci\u00f3 o participaci\u00f3 en un esdeveniment, comptar visites a efectes de la facturaci\u00f3 de llic\u00e8ncies del software amb el qual funciona el servei (lloc web, plataforma o aplicaci\u00f3), utilitzar elements de seguretat durant la navegaci\u00f3, emmagatzemar continguts per a la difusi\u00f3 de v\u00eddeos o so, habilitar continguts din\u00e0mics (per exemple, animaci\u00f3 de c\u00e0rrega d&#8217;un text o imatge) o compartir continguts a trav\u00e9s de xarxes socials. Tamb\u00e9 pertanyen a aquesta categoria, per la seva naturalesa t\u00e8cnica, aquelles cookies que permeten la gesti\u00f3, de la forma m\u00e9s efica\u00e7 possible, dels espais publicitaris que, com un element m\u00e9s de disseny o &#8220;maquetaci\u00f3&#8221; del servei ofert a l&#8217;usuari, l&#8217;editor hagi incl\u00f2s en una p\u00e0gina web, aplicaci\u00f3 o plataforma en base a criteris com el contingut editat, sense que es recopili informaci\u00f3 dels usuaris amb fins distints, com pot ser personalitzar aquest contingut publicitari u altres continguts.<\/li>\n    <li><strong>Cookies de prefer\u00e8ncies o personalitzaci\u00f3:<\/strong> s\u00f3n aquelles que permeten recordar informaci\u00f3 perqu\u00e8 l&#8217;usuari accedeixi al servei amb determinades caracter\u00edstiques que poden diferenciar la seva experi\u00e8ncia de la d&#8217;altres usuaris, com, per exemple, l&#8217;idioma, el nombre de resultats a mostrar quan l&#8217;usuari realitza una cerca, l&#8217;aspecte o contingut del servei en funci\u00f3 del tipus de navegador a trav\u00e9s del qual l&#8217;usuari accedeix al servei o de la regi\u00f3 des de la qual accedeix al servei, etc.<\/li>\n    <li><strong>Cookies d&#8217;an\u00e0lisi o mesurament:<\/strong> s\u00f3n aquelles que permeten al responsable de les mateixes el seguiment i an\u00e0lisi del comportament dels usuaris dels llocs web als quals estan vinculades, inclosa la quantificaci\u00f3 dels impactes dels anuncis. La informaci\u00f3 recollida mitjan\u00e7ant aquest tipus de cookies s&#8217;utilitza en la mesurament de l&#8217;activitat dels llocs web, aplicaci\u00f3 o plataforma, amb la finalitat d&#8217;introduir millores en funci\u00f3 de l&#8217;an\u00e0lisi de les dades d&#8217;\u00fas que fan els usuaris del servei.<\/li>\n    <li><strong>Cookies de publicitat comportamental:<\/strong> s\u00f3n aquelles que permeten la gesti\u00f3, de la forma m\u00e9s efica\u00e7 possible, dels espais publicitaris que hi ha a la p\u00e0gina web. Aquestes cookies emmagatzemen informaci\u00f3 del comportament dels usuaris obtinguda a trav\u00e9s de l&#8217;observaci\u00f3 continuada dels seus h\u00e0bits de navegaci\u00f3, la qual cosa permet desenvolupar un perfil espec\u00edfic per mostrar publicitat en funci\u00f3 del mateix.<\/li>\n    <li><strong>Cookies de geolocalitzaci\u00f3:<\/strong> s&#8217;utilitzen per saber en quin lloc es troba un usuari quan sol\u00b7licita un servei. Aquesta cookie \u00e9s an\u00f2nima i s&#8217;usa per exemple per oferir-li la informaci\u00f3 adequada depenent del pa\u00eds en qu\u00e8 es trobi.<\/li>\n<\/ul>\n\n<h3>Tipus de cookies segons termini de temps que romanen activades:<\/h3>\n<ul>\n    <li><strong>Cookies de sessi\u00f3:<\/strong> s\u00f3n aquelles dissenyades per recaptar i emmagatzemar dades mentre l&#8217;usuari accedeix a una p\u00e0gina web. Se solen emprar per emmagatzemar informaci\u00f3 que nom\u00e9s interessa conservar per a la prestaci\u00f3 del servei sol\u00b7licitat per l&#8217;usuari en una sola ocasi\u00f3 (per exemple, una llista de productes adquirits) i desapareixen en acabar la sessi\u00f3.<\/li>\n    <li><strong>Cookies persistents:<\/strong> s\u00f3n aquelles en les quals les dades segueixen emmagatzemats al terminal i poden ser accedits i tractats durant un per\u00edode definit pel responsable de la cookie, i que pot anar d&#8217;uns minuts a diversos anys.<\/li>\n<\/ul>\n\n<h2>COOKIES UTILITZADES A LA NOSTRA WEB<\/h2>\n\n<p>A continuaci\u00f3, es detallen les cookies espec\u00edfiques que utilitzem al nostre lloc web, classificades per la seva titular, durada i finalitat:<\/p>\n\n<table border=\"1\" cellpadding=\"10\" cellspacing=\"0\" style=\"width:100%; border-collapse: collapse; margin-bottom: 20px;\">\n    <thead>\n        <tr>\n            <th style=\"text-align: left;\">Denominaci\u00f3<\/th>\n            <th style=\"text-align: left;\">Titular<\/th>\n            <th style=\"text-align: left;\">Durada<\/th>\n            <th style=\"text-align: left;\">Finalitat<\/th>\n        <\/tr>\n    <\/thead>\n    <tbody>\n        <tr>\n            <td>PHPSESSID<\/td>\n            <td>Pr\u00f2pia (Web)<\/td>\n            <td>Sessi\u00f3<\/td>\n            <td>Cookie t\u00e8cnica estrictament necess\u00e0ria que cont\u00e9 l&#8217;identificador de la sessi\u00f3. Permet a l&#8217;usuari navegar per la web. S&#8217;elimina en tancar el navegador.<\/td>\n        <\/tr>\n        <tr>\n            <td>wp_woocommerce_session_*<\/td>\n            <td>Pr\u00f2pia (WooCommerce)<\/td>\n            <td>2 dies<\/td>\n            <td>Cookie t\u00e8cnica necess\u00e0ria per al funcionament de la tenda online. Cont\u00e9 un codi \u00fanic per a cada client per saber on trobar les dades del carret a la base de dades.<\/td>\n        <\/tr>\n        <tr>\n            <td>woocommerce_cart_hash<\/td>\n            <td>Pr\u00f2pia (WooCommerce)<\/td>\n            <td>Sessi\u00f3<\/td>\n            <td>Cookie t\u00e8cnica que ajuda a la tenda a saber quan canvia el contingut del carret de compra.<\/td>\n        <\/tr>\n        <tr>\n            <td>woocommerce_items_in_cart<\/td>\n            <td>Pr\u00f2pia (WooCommerce)<\/td>\n            <td>Sessi\u00f3<\/td>\n            <td>Cookie t\u00e8cnica que ajuda a la tenda a saber quan canvia el contingut del carret de compra.<\/td>\n        <\/tr>\n        <tr>\n            <td>_ga<\/td>\n            <td>Google Analytics (Tercers)<\/td>\n            <td>2 anys<\/td>\n            <td>Cookie d&#8217;an\u00e0lisi utilitzada per distingir usuaris. Permet el control de visites \u00faniques.<\/td>\n        <\/tr>\n        <tr>\n            <td>_gid<\/td>\n            <td>Google Analytics (Tercers)<\/td>\n            <td>24 hores<\/td>\n            <td>Cookie d&#8217;an\u00e0lisi utilitzada per distingir usuaris.<\/td>\n        <\/tr>\n        <tr>\n            <td>_gat<\/td>\n            <td>Google Analytics (Tercers)<\/td>\n            <td>1 minut<\/td>\n            <td>Cookie d&#8217;an\u00e0lisi utilitzada per limitar el percentatge de sol\u00b7licituds.<\/td>\n        <\/tr>\n        <tr>\n            <td>1P_JAR<\/td>\n            <td>Google (Tercers)<\/td>\n            <td>1 mes<\/td>\n            <td>Cookie publicit\u00e0ria utilitzada per mostrar anuncis rellevants i mesurar l&#8217;efic\u00e0cia de les campanyes.<\/td>\n        <\/tr>\n        <tr>\n            <td>NID<\/td>\n            <td>Google (Tercers)<\/td>\n            <td>6 mesos<\/td>\n            <td>Cookie publicit\u00e0ria utilitzada per personalitzar els anuncis als serveis de Google.<\/td>\n        <\/tr>\n        <tr>\n            <td>CONSENT<\/td>\n            <td>Google (Tercers)<\/td>\n            <td>20 anys<\/td>\n            <td>Cookie t\u00e8cnica que emmagatzema l&#8217;estat del consentiment de l&#8217;usuari per a l&#8217;\u00fas de cookies.<\/td>\n        <\/tr>\n    <\/tbody>\n<\/table>\n\n<h2>COM ES DESHABILITEN LES COOKIES ALS NAVEGADORS?<\/h2>\n\n<p>L&#8217;usuari pot, en qualsevol moment, permetre, bloquejar o eliminar les cookies instal\u00b7lades al seu equip mitjan\u00e7ant la modificaci\u00f3 dels par\u00e0metres de configuraci\u00f3 del navegador instal\u00b7lat al seu ordinador:<\/p>\n\n<ul>\n    <li><strong>Chrome:<\/strong> Configuraci\u00f3 -> Mostrar opcions avan\u00e7ades -> Privacitat -> Configuraci\u00f3 del contingut. Per a m\u00e9s informaci\u00f3, pot consultar el suport de Google o l&#8217;Ajuda del navegador.<\/li>\n    <li><strong>Edge:<\/strong> Eines -> Opcions d&#8217;Internet -> Privacitat -> Configuraci\u00f3. Per a m\u00e9s informaci\u00f3, pot consultar el suport de Microsoft o l&#8217;Ajuda del navegador.<\/li>\n    <li><strong>Firefox:<\/strong> Eines -> Opcions -> Privacitat -> Historial -> Configuraci\u00f3 Personalitzada. Per a m\u00e9s informaci\u00f3, pot consultar el suport de Mozilla o l&#8217;Ajuda del navegador.<\/li>\n    <li><strong>Safari:<\/strong> Prefer\u00e8ncies -> Seguretat. Per a m\u00e9s informaci\u00f3, pot consultar el suport de Apple o l&#8217;Ajuda del navegador.<\/li>\n<\/ul>\n\n<p>La desactivaci\u00f3 de les cookies no impedeix la navegaci\u00f3 pel lloc web, encara que l&#8217;\u00fas d&#8217;alguns dels seus serveis podr\u00e0 ser limitat i, per tant, la seva experi\u00e8ncia de navegaci\u00f3 podr\u00e0 ser menys satisfact\u00f2ria.<\/p>\n\n<h2>RETIRAR EL CONSENTIMENT<\/h2>\n\n<p>L&#8217;usuari podr\u00e0 retirar en qualsevol moment el seu consentiment relacionat amb la Pol\u00edtica de Cookies, i podr\u00e0 eliminar les cookies emmagatzemades al seu equip a trav\u00e9s dels ajustos i configuracions del seu navegador d&#8217;Internet, indicats anteriorment, aix\u00ed com accedint al nostre panell de configuraci\u00f3: <strong>ENLLA\u00c7 PANELL CONFIGURACI\u00d3<\/strong>.<\/p>\n\n<p>La present Pol\u00edtica de Cookies es podr\u00e0 modificar quan aix\u00ed ho exigeixi la legislaci\u00f3 vigent en cada moment o quan hi hagu\u00e9s alguna variaci\u00f3 en el tipus de cookies utilitzades al lloc web. Per aix\u00f2, li recomanem revisar aquesta pol\u00edtica cada vegada que accedeixi al nostre lloc web amb l&#8217;objectiu d&#8217;estar adequadament informat sobre com i per a qu\u00e8 usem les cookies.<\/p>\n\n<p><strong>Darrera actualitzaci\u00f3:<\/strong> 08\/04\/2026<\/p>\n\t\t\t\t\t\t\t\t<\/div>\n\t\t\t\t\t<\/div>\n\t\t\t\t<\/div>\n\t\t\t\t<\/div>\n\t\t","protected":false},"excerpt":{"rendered":"<p>POL\u00cdTICA DE COOKIES CARLES SISQUELLA I MOLL\u00c0 C\/ Santa Anna, 22 &#8211; 08002 Barcelona (Barcelona) ESPANYA Aquesta pol\u00edtica de cookies t\u00e9 per finalitat informar de manera clara i precisa sobre les cookies que s&#8217;utilitzen a la nostra web. Utilitzem cookies pr\u00f2pies i de tercers per millorar els nostres serveis, personalitzar el nostre lloc web, facilitar [&hellip;]<\/p>\n","protected":false},"author":1,"featured_media":0,"parent":0,"menu_order":0,"comment_status":"closed","ping_status":"closed","template":"elementor_header_footer","meta":{"footnotes":""},"class_list":["post-1085","page","type-page","status-publish","hentry"],"aioseo_notices":[],"_links":{"self":[{"href":"https:\/\/opticasisquella.com\/ca\/wp-json\/wp\/v2\/pages\/1085","targetHints":{"allow":["GET"]}}],"collection":[{"href":"https:\/\/opticasisquella.com\/ca\/wp-json\/wp\/v2\/pages"}],"about":[{"href":"https:\/\/opticasisquella.com\/ca\/wp-json\/wp\/v2\/types\/page"}],"author":[{"embeddable":true,"href":"https:\/\/opticasisquella.com\/ca\/wp-json\/wp\/v2\/users\/1"}],"replies":[{"embeddable":true,"href":"https:\/\/opticasisquella.com\/ca\/wp-json\/wp\/v2\/comments?post=1085"}],"version-history":[{"count":6,"href":"https:\/\/opticasisquella.com\/ca\/wp-json\/wp\/v2\/pages\/1085\/revisions"}],"predecessor-version":[{"id":7623,"href":"https:\/\/opticasisquella.com\/ca\/wp-json\/wp\/v2\/pages\/1085\/revisions\/7623"}],"wp:attachment":[{"href":"https:\/\/opticasisquella.com\/ca\/wp-json\/wp\/v2\/media?parent=1085"}],"curies":[{"name":"wp","href":"https:\/\/api.w.org\/{rel}","templated":true}]}}